{"id":97174,"date":"2026-04-27T09:59:48","date_gmt":"2026-04-27T14:59:48","guid":{"rendered":"https:\/\/farmerbrown.com\/staging2026\/?page_id=97174"},"modified":"2026-04-27T17:01:36","modified_gmt":"2026-04-27T22:01:36","slug":"contactanos","status":"publish","type":"page","link":"https:\/\/farmerbrown.com\/es\/sobre-nosotros\/contactanos\/","title":{"rendered":"Cont\u00e1ctanos"},"content":{"rendered":"\t\t<div data-elementor-type=\"wp-page\" data-elementor-id=\"97174\" class=\"elementor elementor-97174\" data-elementor-post-type=\"page\">\n\t\t\t\t<div class=\"elementor-element elementor-element-74f6595 e-flex e-con-boxed e-con e-parent\" data-id=\"74f6595\" data-element_type=\"container\" data-e-type=\"container\" data-settings=\"{&quot;background_background&quot;:&quot;classic&quot;}\">\n\t\t\t\t\t<div class=\"e-con-inner\">\n\t\t\t\t<div class=\"elementor-element elementor-element-a83c992 elementor-widget elementor-widget-heading\" data-id=\"a83c992\" data-element_type=\"widget\" data-e-type=\"widget\" data-widget_type=\"heading.default\">\n\t\t\t\t\t<h1 class=\"elementor-heading-title elementor-size-default\">Cont\u00e1ctanos<\/h1>\t\t\t\t<\/div>\n\t\t\t\t<div class=\"elementor-element elementor-element-f958b39 elementor-widget elementor-widget-heading\" data-id=\"f958b39\" data-element_type=\"widget\" data-e-type=\"widget\" data-widget_type=\"heading.default\">\n\t\t\t\t\t<h2 class=\"elementor-heading-title elementor-size-default\"><span style=\"color:#fff\">Soporte en Espa\u00f1ol e Ingl\u00e9s <\/span>(888) 973-0016<\/h2>\t\t\t\t<\/div>\n\t\t<div class=\"elementor-element elementor-element-09a5207 e-grid e-con-full e-con e-child\" data-id=\"09a5207\" data-element_type=\"container\" data-e-type=\"container\">\n\t\t\t\t<div class=\"elementor-element elementor-element-adcd5db elementor-widget elementor-widget-button\" data-id=\"adcd5db\" data-element_type=\"widget\" data-e-type=\"widget\" data-widget_type=\"button.default\">\n\t\t\t\t\t\t\t\t\t\t<a class=\"elementor-button elementor-button-link elementor-size-sm\" href=\"https:\/\/farmerbrown.com\/instant-insurance-quote-isc\/\" target=\"_blank\">\n\t\t\t\t\t\t<span class=\"elementor-button-content-wrapper\">\n\t\t\t\t\t\t\t\t\t<span class=\"elementor-button-text\">Cotizaciones Gratis<\/span>\n\t\t\t\t\t<\/span>\n\t\t\t\t\t<\/a>\n\t\t\t\t\t\t\t\t<\/div>\n\t\t\t\t<div class=\"elementor-element elementor-element-b2342a4 elementor-widget elementor-widget-button\" data-id=\"b2342a4\" data-element_type=\"widget\" data-e-type=\"widget\" data-widget_type=\"button.default\">\n\t\t\t\t\t\t\t\t\t\t<a class=\"elementor-button elementor-button-link elementor-size-sm\" href=\"tel:8889730016\">\n\t\t\t\t\t\t<span class=\"elementor-button-content-wrapper\">\n\t\t\t\t\t\t\t\t\t<span class=\"elementor-button-text\">Servicio al Cliente<\/span>\n\t\t\t\t\t<\/span>\n\t\t\t\t\t<\/a>\n\t\t\t\t\t\t\t\t<\/div>\n\t\t\t\t<\/div>\n\t\t\t\t\t<\/div>\n\t\t\t\t<\/div>\n\t\t<div class=\"elementor-element elementor-element-02bc18d e-flex e-con-boxed e-con e-parent\" data-id=\"02bc18d\" data-element_type=\"container\" data-e-type=\"container\">\n\t\t\t\t\t<div class=\"e-con-inner\">\n\t\t<div class=\"elementor-element elementor-element-673f75f e-con-full e-flex e-con e-child\" data-id=\"673f75f\" data-element_type=\"container\" data-e-type=\"container\">\n\t\t\t\t<div class=\"elementor-element elementor-element-4c542a6 elementor-widget elementor-widget-heading\" data-id=\"4c542a6\" data-element_type=\"widget\" data-e-type=\"widget\" data-widget_type=\"heading.default\">\n\t\t\t\t\t<h2 class=\"elementor-heading-title elementor-size-default\">\u00a1Nuestros agentes est\u00e1n listos para ayudar a tu negocio!\n<\/h2>\t\t\t\t<\/div>\n\t\t\t\t<div class=\"elementor-element elementor-element-012346c elementor-widget elementor-widget-text-editor\" data-id=\"012346c\" data-element_type=\"widget\" data-e-type=\"widget\" data-widget_type=\"text-editor.default\">\n\t\t\t\t\t\t\t\t\t<div class=\"et_pb_module et_pb_text et_pb_text_0 et_pb_text_align_left et_pb_bg_layout_light\"><div class=\"et_pb_text_inner\"><p><strong>Para <\/strong><strong>Seguro de Compensaci\u00f3n al Trabajador: <\/strong><a href=\"tel:8889730016\" data-icon=\"\ue048\">(888) 973-0016<\/a><\/p><p><strong>Para Seguro de Contratistas: <\/strong><a href=\"tel:8889730016\" data-icon=\"\ue048\">(888) 973-0016<\/a><\/p><p><strong>Para Fianzas: <\/strong><a href=\"tel:8889730016\">(888) 973-0016<\/a><\/p><p><strong>Para Builders Risk: <\/strong><a href=\"tel:8889730016\" data-icon=\"\ue048\">(<span data-sheets-value=\"{&quot;1&quot;:2,&quot;2&quot;:&quot;8779600221&quot;}\" data-sheets-userformat=\"{&quot;2&quot;:2050,&quot;4&quot;:{&quot;1&quot;:2,&quot;2&quot;:9961472},&quot;14&quot;:{&quot;1&quot;:2,&quot;2&quot;:16777215}}\" data-sheets-formula=\"=SUBSTITUTE(SUBSTITUTE(R[0]C[-2],&quot;+1&quot;,&quot;&quot;),&quot;+57&quot;,&quot;&quot;)\">888<\/span>)\u00a0<span data-sheets-value=\"{&quot;1&quot;:2,&quot;2&quot;:&quot;8779600221&quot;}\" data-sheets-userformat=\"{&quot;2&quot;:2050,&quot;4&quot;:{&quot;1&quot;:2,&quot;2&quot;:9961472},&quot;14&quot;:{&quot;1&quot;:2,&quot;2&quot;:16777215}}\" data-sheets-formula=\"=SUBSTITUTE(SUBSTITUTE(R[0]C[-2],&quot;+1&quot;,&quot;&quot;),&quot;+57&quot;,&quot;&quot;)\">973-0016<\/span><\/a><\/p><p><strong>Para Propiedades Vacantes: <\/strong><a href=\"tel:8889730016\" data-icon=\"\ue048\">(888) 973-0016<\/a><\/p><p><strong>Para Asociaciones de Condominios:<\/strong> <a href=\"tel:8889730016\" data-icon=\"\ue048\">(888) 973-0016<\/a><\/p><p><strong>Para Peque\u00f1as Empresas: <\/strong><a href=\"tel:8889730016\" data-icon=\"\ue048\">(888) 973-0016<\/a><\/p><p><strong>Para Seguro de Auto: <\/strong><a href=\"tel:8889730016\" data-icon=\"\ue048\">(888) 973-0016<\/a><\/p><\/div><\/div><div class=\"et_pb_module et_pb_text et_pb_text_1 et_pb_text_align_left et_pb_bg_layout_light\"><div class=\"et_pb_text_inner\"><h3>Direcci\u00f3n<\/h3><p>21750 Hardy Oak Blvd. Ste 104<br \/>San Antonio, TX 78258<\/p><\/div><\/div>\t\t\t\t\t\t\t\t<\/div>\n\t\t\t\t<\/div>\n\t\t<div class=\"elementor-element elementor-element-7bde37a e-con-full e-flex e-con e-child\" data-id=\"7bde37a\" data-element_type=\"container\" data-e-type=\"container\">\n\t\t\t\t<div class=\"elementor-element elementor-element-e32de34 elementor-widget elementor-widget-heading\" data-id=\"e32de34\" data-element_type=\"widget\" data-e-type=\"widget\" data-widget_type=\"heading.default\">\n\t\t\t\t\t<h2 class=\"elementor-heading-title elementor-size-default\">\u00bfTienes preguntas? \n\u00a1Escr\u00edbenos y te respondemos!<\/h2>\t\t\t\t<\/div>\n\t\t\t\t<div class=\"elementor-element elementor-element-200e819 elementor-widget elementor-widget-text-editor\" data-id=\"200e819\" data-element_type=\"widget\" data-e-type=\"widget\" data-widget_type=\"text-editor.default\">\n\t\t\t\t\t\t\t\t\t<p>Tambi\u00e9n puedes escribirnos a <a class=\"underline underline underline-offset-2 decoration-1 decoration-current\/40 hover:decoration-current focus:decoration-current\" href=\"mailto:info@farmerbrown.com\">info@farmerbrown.com<\/a><\/p>\t\t\t\t\t\t\t\t<\/div>\n\t\t\t\t<div class=\"elementor-element elementor-element-e944f9d elementor-widget elementor-widget-shortcode\" data-id=\"e944f9d\" data-element_type=\"widget\" data-e-type=\"widget\" data-widget_type=\"shortcode.default\">\n\t\t\t\t\t\t\t<div class=\"elementor-shortcode\"><div id='wufoo-zthrt841kp5smi'>\nFill out my <a href='https:\/\/contractorsliability.wufoo.com\/forms\/zthrt841kp5smi'>online form<\/a>.\n<\/div>\n<script type='text\/javascript'>var zthrt841kp5smi;(function(d, t) {\nvar s = d.createElement(t), options = {\n'userName'      : 'contractorsliability',    \n'formHash'      : 'zthrt841kp5smi',    \n'autoResize'    :  true,   \n'height'        : '720',      \n'async'         :  true,          \n'header'        : 'hide',      \n'host'          : 'wufoo.com',    \n'entSource'     : 'wordpress',   \n'defaultValues' : ''     \n,'ssl'          :  1           };\ns.src = ('https:' == d.location.protocol ? 'https:\/\/' : 'http:\/\/') + 'secure.wufoo.com\/scripts\/embed\/form.js';\ns.onload = s.onreadystatechange = function() {\nvar rs = this.readyState; if (rs) if (rs != 'complete') if (rs != 'loaded') return;\ntry { zthrt841kp5smi = new WufooForm();zthrt841kp5smi.initialize(options);zthrt841kp5smi.display(); } catch (e) {}}\nvar scr = d.getElementsByTagName(t)[0], par = scr.parentNode; par.insertBefore(s, scr);\n})(document, 'script');<\/script> <noscript> <iframe height=\"720\" allowTransparency=\"true\" sandbox=\"allow-top-navigation allow-scripts allow-popups allow-forms allow-same-origin allow-popups-to-escape-sandbox\" frameborder=\"0\" scrolling=\"no\" style=\"width:100%;border:none;\"src=\"https:\/\/contractorsliability.wufoo.com\/embed\/zthrt841kp5smi?entsource=wordpress\"><a href=\"https:\/\/contractorsliability.wufoo.com\/forms\/zthrt841kp5smi?entsource=wordpress\" rel=\"nofollow\">Fill out my Wufoo form!<\/a><\/iframe> <\/noscript><\/div>\n\t\t\t\t\t\t<\/div>\n\t\t\t\t<\/div>\n\t\t\t\t\t<\/div>\n\t\t\t\t<\/div>\n\t\t<div class=\"elementor-element elementor-element-07d7cb8 e-flex e-con-boxed e-con e-parent\" data-id=\"07d7cb8\" data-element_type=\"container\" data-e-type=\"container\">\n\t\t\t\t\t<div class=\"e-con-inner\">\n\t\t\t\t<div class=\"elementor-element elementor-element-b7ee6c5 elementor-widget elementor-widget-google_maps\" data-id=\"b7ee6c5\" data-element_type=\"widget\" data-e-type=\"widget\" data-widget_type=\"google_maps.default\">\n\t\t\t\t\t\t\t<div class=\"elementor-custom-embed\">\n\t\t\t<iframe loading=\"lazy\"\n\t\t\t\t\tsrc=\"https:\/\/maps.google.com\/maps?q=farmer%20brown%20San%20Antonio&#038;t=m&#038;z=10&#038;output=embed&#038;iwloc=near\"\n\t\t\t\t\ttitle=\"farmer brown San Antonio\"\n\t\t\t\t\taria-label=\"farmer brown San Antonio\"\n\t\t\t><\/iframe>\n\t\t<\/div>\n\t\t\t\t\t\t<\/div>\n\t\t\t\t\t<\/div>\n\t\t\t\t<\/div>\n\t\t<div class=\"elementor-element elementor-element-5987b729 e-con-full e-flex e-con e-parent\" data-id=\"5987b729\" data-element_type=\"container\" data-e-type=\"container\">\n\t\t\t\t<div class=\"elementor-element elementor-element-1090d809 elementor-widget elementor-widget-heading\" data-id=\"1090d809\" data-element_type=\"widget\" data-e-type=\"widget\" data-widget_type=\"heading.default\">\n\t\t\t\t\t<h1 class=\"elementor-heading-title elementor-size-default\">\u00bfTienes preguntas? \u00a1Escr\u00edbenos y te respondemos!<\/h1>\t\t\t\t<\/div>\n\t\t<div class=\"elementor-element elementor-element-1fc74c48 e-con-full e-flex e-con e-child\" data-id=\"1fc74c48\" data-element_type=\"container\" data-e-type=\"container\">\n\t\t\t\t<div class=\"elementor-element elementor-element-1e711148 elementor-widget__width-initial elementor-position-top elementor-widget elementor-widget-image-box\" data-id=\"1e711148\" data-element_type=\"widget\" data-e-type=\"widget\" data-widget_type=\"image-box.default\">\n\t\t\t\t\t<div class=\"elementor-image-box-wrapper\"><figure class=\"elementor-image-box-img\"><a href=\"https:\/\/farmerbrown.com?page_id=173\" tabindex=\"-1\"><img decoding=\"async\" width=\"76\" height=\"75\" src=\"https:\/\/farmerbrown.com\/wp-content\/uploads\/2023\/05\/Find-us-NOW-icon.png\" class=\"attachment-full size-full wp-image-72122\" alt=\"Find us FarmerBrown Insurance icon\" \/><\/a><\/figure><div class=\"elementor-image-box-content\"><h3 class=\"elementor-image-box-title\"><a href=\"https:\/\/farmerbrown.com?page_id=173\">\u00a1Encu\u00e9ntranos AHORA!<\/a><\/h3><p class=\"elementor-image-box-description\">Estamos ubicados en 21750 Hardy Oak Blvd Ste. San Antonio, TX, 78258<\/p><\/div><\/div>\t\t\t\t<\/div>\n\t\t\t\t<div class=\"elementor-element elementor-element-6fb61c4d elementor-widget__width-initial elementor-position-top elementor-widget elementor-widget-image-box\" data-id=\"6fb61c4d\" data-element_type=\"widget\" data-e-type=\"widget\" data-widget_type=\"image-box.default\">\n\t\t\t\t\t<div class=\"elementor-image-box-wrapper\"><figure class=\"elementor-image-box-img\"><a href=\"https:\/\/farmerbrown.com?page_id=2613\" tabindex=\"-1\"><img decoding=\"async\" width=\"90\" height=\"79\" src=\"https:\/\/farmerbrown.com\/wp-content\/uploads\/2023\/05\/Frequently-Asked-Questions-icon.png\" class=\"attachment-full size-full wp-image-72120\" alt=\"Frequently Asked Questions icon\" \/><\/a><\/figure><div class=\"elementor-image-box-content\"><h3 class=\"elementor-image-box-title\"><a href=\"https:\/\/farmerbrown.com?page_id=2613\">Preguntas Frecuentes<\/a><\/h3><p class=\"elementor-image-box-description\">El lugar donde encontrar\u00e1s todas las respuestas<\/p><\/div><\/div>\t\t\t\t<\/div>\n\t\t\t\t<div class=\"elementor-element elementor-element-51bc3d8a elementor-widget__width-initial elementor-position-top elementor-widget elementor-widget-image-box\" data-id=\"51bc3d8a\" data-element_type=\"widget\" data-e-type=\"widget\" data-widget_type=\"image-box.default\">\n\t\t\t\t\t<div class=\"elementor-image-box-wrapper\"><figure class=\"elementor-image-box-img\"><a href=\"https:\/\/farmerbrown.com?page_id=173\" tabindex=\"-1\"><img decoding=\"async\" width=\"68\" height=\"75\" src=\"https:\/\/farmerbrown.com\/wp-content\/uploads\/2023\/05\/Talk-With-An-Agent-Now-icon.png\" class=\"attachment-full size-full wp-image-72118\" alt=\"Talk With An Agent Now icon\" \/><\/a><\/figure><div class=\"elementor-image-box-content\"><h3 class=\"elementor-image-box-title\"><a href=\"https:\/\/farmerbrown.com?page_id=173\">Habla con un Agente Ahora<\/a><\/h3><p class=\"elementor-image-box-description\">Veamos juntos c\u00f3mo podemos ayudarte<\/p><\/div><\/div>\t\t\t\t<\/div>\n\t\t\t\t<\/div>\n\t\t\t\t<\/div>\n\t\t\t\t<\/div>\n\t\t","protected":false},"excerpt":{"rendered":"<p>Cont\u00e1ctanos Soporte en Espa\u00f1ol e Ingl\u00e9s (888) 973-0016 Cotizaciones Gratis Servicio al Cliente \u00a1Nuestros agentes est\u00e1n listos para ayudar a tu negocio! Para Seguro de Compensaci\u00f3n al Trabajador: (888) 973-0016 Para Seguro de Contratistas: (888) 973-0016 Para Fianzas: (888) 973-0016 Para Builders Risk: (888)\u00a0973-0016 Para Propiedades Vacantes: (888) 973-0016 Para Asociaciones de Condominios: (888) 973-0016 [&hellip;]<\/p>\n","protected":false},"author":83,"featured_media":0,"parent":96709,"menu_order":19,"comment_status":"closed","ping_status":"closed","template":"","meta":{"_acf_changed":false,"inline_featured_image":false,"footnotes":""},"class_list":["post-97174","page","type-page","status-publish","hentry"],"acf":[],"yoast_head":"<!-- This site is optimized with the Yoast SEO Premium plugin v26.3 (Yoast SEO v27.5) - https:\/\/yoast.com\/product\/yoast-seo-premium-wordpress\/ -->\n<title>Cont\u00e1ctanos - Farmer Brown Insurance<\/title>\n<meta name=\"description\" content=\"Connect with Farmer Brown: Reach our team for personalized insurance solutions and responsive customer support.\" \/>\n<meta name=\"robots\" content=\"index, follow, max-snippet:-1, max-image-preview:large, max-video-preview:-1\" \/>\n<link rel=\"canonical\" href=\"https:\/\/farmerbrown.com\/es\/sobre-nosotros\/contactanos\/\" \/>\n<meta property=\"og:locale\" content=\"es_ES\" \/>\n<meta property=\"og:type\" content=\"article\" \/>\n<meta property=\"og:title\" content=\"Cont\u00e1ctanos\" \/>\n<meta property=\"og:description\" content=\"Connect with Farmer Brown: Reach our team for personalized insurance solutions and responsive customer support.\" \/>\n<meta property=\"og:url\" content=\"https:\/\/farmerbrown.com\/es\/sobre-nosotros\/contactanos\/\" \/>\n<meta property=\"og:site_name\" content=\"Farmer Brown Insurance\" \/>\n<meta property=\"article:publisher\" content=\"https:\/\/www.facebook.com\/pages\/Farmer-Brown-Insurance\/1423434997919303\" \/>\n<meta property=\"article:modified_time\" content=\"2026-04-27T22:01:36+00:00\" \/>\n<meta property=\"og:image\" content=\"https:\/\/farmerbrown.com\/wp-content\/uploads\/2023\/05\/Find-us-NOW-icon.png\" \/>\n<meta name=\"twitter:card\" content=\"summary_large_image\" \/>\n<meta name=\"twitter:site\" content=\"@farmerbrownINCE\" \/>\n<meta name=\"twitter:label1\" content=\"Tiempo de lectura\" \/>\n\t<meta name=\"twitter:data1\" content=\"2 minutos\" \/>\n<script type=\"application\/ld+json\" class=\"yoast-schema-graph\">{\"@context\":\"https:\\\/\\\/schema.org\",\"@graph\":[{\"@type\":\"WebPage\",\"@id\":\"https:\\\/\\\/farmerbrown.com\\\/es\\\/sobre-nosotros\\\/contactanos\\\/\",\"url\":\"https:\\\/\\\/farmerbrown.com\\\/es\\\/sobre-nosotros\\\/contactanos\\\/\",\"name\":\"Cont\u00e1ctanos - Farmer Brown Insurance\",\"isPartOf\":{\"@id\":\"https:\\\/\\\/farmerbrown.com\\\/es\\\/#website\"},\"primaryImageOfPage\":{\"@id\":\"https:\\\/\\\/farmerbrown.com\\\/es\\\/sobre-nosotros\\\/contactanos\\\/#primaryimage\"},\"image\":{\"@id\":\"https:\\\/\\\/farmerbrown.com\\\/es\\\/sobre-nosotros\\\/contactanos\\\/#primaryimage\"},\"thumbnailUrl\":\"https:\\\/\\\/farmerbrown.com\\\/wp-content\\\/uploads\\\/2023\\\/05\\\/Find-us-NOW-icon.png\",\"datePublished\":\"2026-04-27T14:59:48+00:00\",\"dateModified\":\"2026-04-27T22:01:36+00:00\",\"description\":\"Connect with Farmer Brown: Reach our team for personalized insurance solutions and responsive customer support.\",\"breadcrumb\":{\"@id\":\"https:\\\/\\\/farmerbrown.com\\\/es\\\/sobre-nosotros\\\/contactanos\\\/#breadcrumb\"},\"inLanguage\":\"es\",\"potentialAction\":[{\"@type\":\"ReadAction\",\"target\":[\"https:\\\/\\\/farmerbrown.com\\\/es\\\/sobre-nosotros\\\/contactanos\\\/\"]}]},{\"@type\":\"ImageObject\",\"inLanguage\":\"es\",\"@id\":\"https:\\\/\\\/farmerbrown.com\\\/es\\\/sobre-nosotros\\\/contactanos\\\/#primaryimage\",\"url\":\"https:\\\/\\\/farmerbrown.com\\\/wp-content\\\/uploads\\\/2023\\\/05\\\/Find-us-NOW-icon.png\",\"contentUrl\":\"https:\\\/\\\/farmerbrown.com\\\/wp-content\\\/uploads\\\/2023\\\/05\\\/Find-us-NOW-icon.png\"},{\"@type\":\"BreadcrumbList\",\"@id\":\"https:\\\/\\\/farmerbrown.com\\\/es\\\/sobre-nosotros\\\/contactanos\\\/#breadcrumb\",\"itemListElement\":[{\"@type\":\"ListItem\",\"position\":1,\"name\":\"Home\",\"item\":\"https:\\\/\\\/farmerbrown.com\\\/es\\\/\"},{\"@type\":\"ListItem\",\"position\":2,\"name\":\"Sobre Nosotros\",\"item\":\"https:\\\/\\\/farmerbrown.com\\\/es\\\/sobre-nosotros\\\/\"},{\"@type\":\"ListItem\",\"position\":3,\"name\":\"Cont\u00e1ctanos\"}]},{\"@type\":\"WebSite\",\"@id\":\"https:\\\/\\\/farmerbrown.com\\\/es\\\/#website\",\"url\":\"https:\\\/\\\/farmerbrown.com\\\/es\\\/\",\"name\":\"Farmer Brown Insurance\",\"description\":\"Farmer Brown routinely saves businesses money on their Insurance Premiums\",\"publisher\":{\"@id\":\"https:\\\/\\\/farmerbrown.com\\\/es\\\/#organization\"},\"potentialAction\":[{\"@type\":\"SearchAction\",\"target\":{\"@type\":\"EntryPoint\",\"urlTemplate\":\"https:\\\/\\\/farmerbrown.com\\\/es\\\/?s={search_term_string}\"},\"query-input\":{\"@type\":\"PropertyValueSpecification\",\"valueRequired\":true,\"valueName\":\"search_term_string\"}}],\"inLanguage\":\"es\"},{\"@type\":\"Organization\",\"@id\":\"https:\\\/\\\/farmerbrown.com\\\/es\\\/#organization\",\"name\":\"Farmer Brown Insurance\",\"url\":\"https:\\\/\\\/farmerbrown.com\\\/es\\\/\",\"logo\":{\"@type\":\"ImageObject\",\"inLanguage\":\"es\",\"@id\":\"https:\\\/\\\/farmerbrown.com\\\/es\\\/#\\\/schema\\\/logo\\\/image\\\/\",\"url\":\"https:\\\/\\\/farmerbrown.com\\\/wp-content\\\/uploads\\\/2023\\\/08\\\/50pt.png\",\"contentUrl\":\"https:\\\/\\\/farmerbrown.com\\\/wp-content\\\/uploads\\\/2023\\\/08\\\/50pt.png\",\"width\":176,\"height\":50,\"caption\":\"Farmer Brown Insurance\"},\"image\":{\"@id\":\"https:\\\/\\\/farmerbrown.com\\\/es\\\/#\\\/schema\\\/logo\\\/image\\\/\"},\"sameAs\":[\"https:\\\/\\\/www.facebook.com\\\/pages\\\/Farmer-Brown-Insurance\\\/1423434997919303\",\"https:\\\/\\\/x.com\\\/farmerbrownINCE\",\"https:\\\/\\\/www.linkedin.com\\\/company\\\/farmer-brown-insurance\",\"https:\\\/\\\/www.pinterest.com\\\/farmerbrownINS\\\/\",\"https:\\\/\\\/www.youtube.com\\\/channel\\\/UClICXe78zkT9v608OnrdnbA\"]}]}<\/script>\n<!-- \/ Yoast SEO Premium plugin. -->","yoast_head_json":{"title":"Cont\u00e1ctanos - Farmer Brown Insurance","description":"Connect with Farmer Brown: Reach our team for personalized insurance solutions and responsive customer support.","robots":{"index":"index","follow":"follow","max-snippet":"max-snippet:-1","max-image-preview":"max-image-preview:large","max-video-preview":"max-video-preview:-1"},"canonical":"https:\/\/farmerbrown.com\/es\/sobre-nosotros\/contactanos\/","og_locale":"es_ES","og_type":"article","og_title":"Cont\u00e1ctanos","og_description":"Connect with Farmer Brown: Reach our team for personalized insurance solutions and responsive customer support.","og_url":"https:\/\/farmerbrown.com\/es\/sobre-nosotros\/contactanos\/","og_site_name":"Farmer Brown Insurance","article_publisher":"https:\/\/www.facebook.com\/pages\/Farmer-Brown-Insurance\/1423434997919303","article_modified_time":"2026-04-27T22:01:36+00:00","og_image":[{"url":"https:\/\/farmerbrown.com\/wp-content\/uploads\/2023\/05\/Find-us-NOW-icon.png","type":"","width":"","height":""}],"twitter_card":"summary_large_image","twitter_site":"@farmerbrownINCE","twitter_misc":{"Tiempo de lectura":"2 minutos"},"schema":{"@context":"https:\/\/schema.org","@graph":[{"@type":"WebPage","@id":"https:\/\/farmerbrown.com\/es\/sobre-nosotros\/contactanos\/","url":"https:\/\/farmerbrown.com\/es\/sobre-nosotros\/contactanos\/","name":"Cont\u00e1ctanos - Farmer Brown Insurance","isPartOf":{"@id":"https:\/\/farmerbrown.com\/es\/#website"},"primaryImageOfPage":{"@id":"https:\/\/farmerbrown.com\/es\/sobre-nosotros\/contactanos\/#primaryimage"},"image":{"@id":"https:\/\/farmerbrown.com\/es\/sobre-nosotros\/contactanos\/#primaryimage"},"thumbnailUrl":"https:\/\/farmerbrown.com\/wp-content\/uploads\/2023\/05\/Find-us-NOW-icon.png","datePublished":"2026-04-27T14:59:48+00:00","dateModified":"2026-04-27T22:01:36+00:00","description":"Connect with Farmer Brown: Reach our team for personalized insurance solutions and responsive customer support.","breadcrumb":{"@id":"https:\/\/farmerbrown.com\/es\/sobre-nosotros\/contactanos\/#breadcrumb"},"inLanguage":"es","potentialAction":[{"@type":"ReadAction","target":["https:\/\/farmerbrown.com\/es\/sobre-nosotros\/contactanos\/"]}]},{"@type":"ImageObject","inLanguage":"es","@id":"https:\/\/farmerbrown.com\/es\/sobre-nosotros\/contactanos\/#primaryimage","url":"https:\/\/farmerbrown.com\/wp-content\/uploads\/2023\/05\/Find-us-NOW-icon.png","contentUrl":"https:\/\/farmerbrown.com\/wp-content\/uploads\/2023\/05\/Find-us-NOW-icon.png"},{"@type":"BreadcrumbList","@id":"https:\/\/farmerbrown.com\/es\/sobre-nosotros\/contactanos\/#breadcrumb","itemListElement":[{"@type":"ListItem","position":1,"name":"Home","item":"https:\/\/farmerbrown.com\/es\/"},{"@type":"ListItem","position":2,"name":"Sobre Nosotros","item":"https:\/\/farmerbrown.com\/es\/sobre-nosotros\/"},{"@type":"ListItem","position":3,"name":"Cont\u00e1ctanos"}]},{"@type":"WebSite","@id":"https:\/\/farmerbrown.com\/es\/#website","url":"https:\/\/farmerbrown.com\/es\/","name":"Farmer Brown Insurance","description":"Farmer Brown routinely saves businesses money on their Insurance Premiums","publisher":{"@id":"https:\/\/farmerbrown.com\/es\/#organization"},"potentialAction":[{"@type":"SearchAction","target":{"@type":"EntryPoint","urlTemplate":"https:\/\/farmerbrown.com\/es\/?s={search_term_string}"},"query-input":{"@type":"PropertyValueSpecification","valueRequired":true,"valueName":"search_term_string"}}],"inLanguage":"es"},{"@type":"Organization","@id":"https:\/\/farmerbrown.com\/es\/#organization","name":"Farmer Brown Insurance","url":"https:\/\/farmerbrown.com\/es\/","logo":{"@type":"ImageObject","inLanguage":"es","@id":"https:\/\/farmerbrown.com\/es\/#\/schema\/logo\/image\/","url":"https:\/\/farmerbrown.com\/wp-content\/uploads\/2023\/08\/50pt.png","contentUrl":"https:\/\/farmerbrown.com\/wp-content\/uploads\/2023\/08\/50pt.png","width":176,"height":50,"caption":"Farmer Brown Insurance"},"image":{"@id":"https:\/\/farmerbrown.com\/es\/#\/schema\/logo\/image\/"},"sameAs":["https:\/\/www.facebook.com\/pages\/Farmer-Brown-Insurance\/1423434997919303","https:\/\/x.com\/farmerbrownINCE","https:\/\/www.linkedin.com\/company\/farmer-brown-insurance","https:\/\/www.pinterest.com\/farmerbrownINS\/","https:\/\/www.youtube.com\/channel\/UClICXe78zkT9v608OnrdnbA"]}]}},"_links":{"self":[{"href":"https:\/\/farmerbrown.com\/es\/wp-json\/wp\/v2\/pages\/97174","targetHints":{"allow":["GET"]}}],"collection":[{"href":"https:\/\/farmerbrown.com\/es\/wp-json\/wp\/v2\/pages"}],"about":[{"href":"https:\/\/farmerbrown.com\/es\/wp-json\/wp\/v2\/types\/page"}],"author":[{"embeddable":true,"href":"https:\/\/farmerbrown.com\/es\/wp-json\/wp\/v2\/users\/83"}],"replies":[{"embeddable":true,"href":"https:\/\/farmerbrown.com\/es\/wp-json\/wp\/v2\/comments?post=97174"}],"version-history":[{"count":5,"href":"https:\/\/farmerbrown.com\/es\/wp-json\/wp\/v2\/pages\/97174\/revisions"}],"predecessor-version":[{"id":97474,"href":"https:\/\/farmerbrown.com\/es\/wp-json\/wp\/v2\/pages\/97174\/revisions\/97474"}],"up":[{"embeddable":true,"href":"https:\/\/farmerbrown.com\/es\/wp-json\/wp\/v2\/pages\/96709"}],"wp:attachment":[{"href":"https:\/\/farmerbrown.com\/es\/wp-json\/wp\/v2\/media?parent=97174"}],"curies":[{"name":"wp","href":"https:\/\/api.w.org\/{rel}","templated":true}]}}