{"id":97392,"date":"2026-04-27T11:30:01","date_gmt":"2026-04-27T16:30:01","guid":{"rendered":"https:\/\/farmerbrown.com\/staging2026\/?page_id=97392"},"modified":"2026-04-27T11:41:43","modified_gmt":"2026-04-27T16:41:43","slug":"suscripcion-mensajes-de-texto","status":"publish","type":"page","link":"https:\/\/farmerbrown.com\/es\/sobre-nosotros\/suscripcion-mensajes-de-texto\/","title":{"rendered":"Suscripci\u00f3n por Mensaje de Texto"},"content":{"rendered":"\t\t<div data-elementor-type=\"wp-page\" data-elementor-id=\"97392\" class=\"elementor elementor-97392\" data-elementor-post-type=\"page\">\n\t\t\t\t<div class=\"elementor-element elementor-element-0983e75 e-flex e-con-boxed e-con e-parent\" data-id=\"0983e75\" data-element_type=\"container\" data-e-type=\"container\">\n\t\t\t\t\t<div class=\"e-con-inner\">\n\t\t\t\t<div class=\"elementor-element elementor-element-a2733e3 elementor-widget elementor-widget-heading\" data-id=\"a2733e3\" data-element_type=\"widget\" data-e-type=\"widget\" data-widget_type=\"heading.default\">\n\t\t\t\t\t<h1 class=\"elementor-heading-title elementor-size-default\">Suscripci\u00f3n por Mensaje de Texto<\/h1>\t\t\t\t<\/div>\n\t\t\t\t<div class=\"elementor-element elementor-element-f44858a elementor-widget elementor-widget-text-editor\" data-id=\"f44858a\" data-element_type=\"widget\" data-e-type=\"widget\" data-widget_type=\"text-editor.default\">\n\t\t\t\t\t\t\t\t\t<p>Completa el formulario a continuaci\u00f3n para recibir mensajes de texto de Farmer Brown Insurance.<\/p>\t\t\t\t\t\t\t\t<\/div>\n\t\t\t\t<div class=\"elementor-element elementor-element-7bb19f7 elementor-widget elementor-widget-shortcode\" data-id=\"7bb19f7\" data-element_type=\"widget\" data-e-type=\"widget\" data-widget_type=\"shortcode.default\">\n\t\t\t\t\t\t\t<div class=\"elementor-shortcode\"><\/div>\n\t\t\t\t\t\t<\/div>\n\t\t\t\t<div class=\"elementor-element elementor-element-643d842 elementor-widget elementor-widget-text-editor\" data-id=\"643d842\" data-element_type=\"widget\" data-e-type=\"widget\" data-widget_type=\"text-editor.default\">\n\t\t\t\t\t\t\t\t\t<p class=\"font-claude-response-body break-words whitespace-normal leading-[1.7]\">El cliente que firma a continuaci\u00f3n (&#8220;Usted&#8221;) da su consentimiento para recibir mensajes de texto de Farmer Brown Insurance (&#8220;La Agencia&#8221;). Como parte de este consentimiento, Usted declara y garantiza lo siguiente:<\/p><ol class=\"[li_&amp;]:mb-0 [li_&amp;]:mt-1 [li_&amp;]:gap-1 [&amp;:not(:last-child)_ul]:pb-1 [&amp;:not(:last-child)_ol]:pb-1 list-decimal flex flex-col gap-1 pl-8 mb-3\"><li class=\"whitespace-normal break-words pl-2\">La Agencia (empleados u otras personas en nombre de la Agencia) puede enviar mensajes de texto en varios formatos y con distintos contenidos, incluyendo pero no limitado a mensajes sobre p\u00f3lizas de seguro y otras transacciones iniciadas por Usted, o mensajes de marketing sobre los productos y servicios ofrecidos por la Agencia.<\/li><li class=\"whitespace-normal break-words pl-2\">Usted es el propietario o usuario autorizado del n\u00famero de tel\u00e9fono m\u00f3vil identificado en este proceso de suscripci\u00f3n. Nos notificar\u00e1 de inmediato si deja de ser el propietario o usuario autorizado de dicho n\u00famero.<\/li><li class=\"whitespace-normal break-words pl-2\">Usted es el \u00fanico responsable de los cargos por mensajes y datos asociados a dichos mensajes de texto.<\/li><li class=\"whitespace-normal break-words pl-2\">La Agencia ha puesto a su disposici\u00f3n su <a class=\"underline underline underline-offset-2 decoration-1 decoration-current\/40 hover:decoration-current focus:decoration-current\" href=\"https:\/\/farmerbrown.com\/privacy\/\">Pol\u00edtica de Privacidad<\/a> en su sitio web y le proporcionar\u00e1 una copia impresa a solicitud. Al enviar este formulario, Usted acepta estos T\u00e9rminos de Uso.<\/li><li class=\"whitespace-normal break-words pl-2\">Al seleccionar S\u00ed para recibir mensajes de la Agencia y enviar el formulario, recibir\u00e1 un mensaje de texto inicial en el n\u00famero de tel\u00e9fono proporcionado confirmando su consentimiento.<\/li><li class=\"whitespace-normal break-words pl-2\">Si no desea recibir mensajes de texto de la Agencia o no acepta los T\u00e9rminos de Uso, no debe enviar este formulario.<\/li><li class=\"whitespace-normal break-words pl-2\">Para cancelar su suscripci\u00f3n en cualquier momento, env\u00ede un mensaje de texto con la palabra STOP a la Agencia y ser\u00e1 eliminado de la lista. Una vez cancelada la suscripci\u00f3n, deber\u00e1 completar nuevamente el formulario para recibir mensajes futuros.<\/li><\/ol><p>Compare tarifas de las principales aseguradoras de Estados Unidos en los 50 estados completando el formulario o llam\u00e1ndonos ahora.<\/p>\t\t\t\t\t\t\t\t<\/div>\n\t\t\t\t\t<\/div>\n\t\t\t\t<\/div>\n\t\t\t\t<\/div>\n\t\t","protected":false},"excerpt":{"rendered":"<p>Suscripci\u00f3n por Mensaje de Texto Completa el formulario a continuaci\u00f3n para recibir mensajes de texto de Farmer Brown Insurance. El cliente que firma a continuaci\u00f3n (&#8220;Usted&#8221;) da su consentimiento para recibir mensajes de texto de Farmer Brown Insurance (&#8220;La Agencia&#8221;). Como parte de este consentimiento, Usted declara y garantiza lo siguiente: La Agencia (empleados u [&hellip;]<\/p>\n","protected":false},"author":83,"featured_media":0,"parent":96709,"menu_order":6,"comment_status":"closed","ping_status":"closed","template":"","meta":{"_acf_changed":false,"inline_featured_image":false,"footnotes":""},"class_list":["post-97392","page","type-page","status-publish","hentry"],"acf":[],"yoast_head":"<!-- This site is optimized with the Yoast SEO Premium plugin v26.3 (Yoast SEO v27.5) - https:\/\/yoast.com\/product\/yoast-seo-premium-wordpress\/ -->\n<title>Suscripci\u00f3n por Mensaje de Texto Farmer Brown Insurance<\/title>\n<meta name=\"description\" content=\"Suscr\u00edbete para recibir actualizaciones sobre tu seguro directamente en tu tel\u00e9fono. Completa el formulario y empieza hoy.\" \/>\n<meta name=\"robots\" content=\"index, follow, max-snippet:-1, max-image-preview:large, max-video-preview:-1\" \/>\n<link rel=\"canonical\" href=\"https:\/\/farmerbrown.com\/es\/sobre-nosotros\/suscripcion-mensajes-de-texto\/\" \/>\n<meta property=\"og:locale\" content=\"es_ES\" \/>\n<meta property=\"og:type\" content=\"article\" \/>\n<meta property=\"og:title\" content=\"Suscripci\u00f3n por Mensaje de Texto\" \/>\n<meta property=\"og:description\" content=\"Suscr\u00edbete para recibir actualizaciones sobre tu seguro directamente en tu tel\u00e9fono. Completa el formulario y empieza hoy.\" \/>\n<meta property=\"og:url\" content=\"https:\/\/farmerbrown.com\/es\/sobre-nosotros\/suscripcion-mensajes-de-texto\/\" \/>\n<meta property=\"og:site_name\" content=\"Farmer Brown Insurance\" \/>\n<meta property=\"article:publisher\" content=\"https:\/\/www.facebook.com\/pages\/Farmer-Brown-Insurance\/1423434997919303\" \/>\n<meta property=\"article:modified_time\" content=\"2026-04-27T16:41:43+00:00\" \/>\n<meta property=\"og:image\" content=\"https:\/\/farmerbrown.com\/wp-content\/uploads\/2014\/02\/Tablet-construction.jpg\" \/>\n\t<meta property=\"og:image:width\" content=\"1600\" \/>\n\t<meta property=\"og:image:height\" content=\"1067\" \/>\n\t<meta property=\"og:image:type\" content=\"image\/jpeg\" \/>\n<meta name=\"twitter:card\" content=\"summary_large_image\" \/>\n<meta name=\"twitter:site\" content=\"@farmerbrownINCE\" \/>\n<meta name=\"twitter:label1\" content=\"Tiempo de lectura\" \/>\n\t<meta name=\"twitter:data1\" content=\"2 minutos\" \/>\n<script type=\"application\/ld+json\" class=\"yoast-schema-graph\">{\"@context\":\"https:\\\/\\\/schema.org\",\"@graph\":[{\"@type\":\"WebPage\",\"@id\":\"https:\\\/\\\/farmerbrown.com\\\/es\\\/sobre-nosotros\\\/suscripcion-mensajes-de-texto\\\/\",\"url\":\"https:\\\/\\\/farmerbrown.com\\\/es\\\/sobre-nosotros\\\/suscripcion-mensajes-de-texto\\\/\",\"name\":\"Suscripci\u00f3n por Mensaje de Texto Farmer Brown Insurance\",\"isPartOf\":{\"@id\":\"https:\\\/\\\/farmerbrown.com\\\/es\\\/#website\"},\"datePublished\":\"2026-04-27T16:30:01+00:00\",\"dateModified\":\"2026-04-27T16:41:43+00:00\",\"description\":\"Suscr\u00edbete para recibir actualizaciones sobre tu seguro directamente en tu tel\u00e9fono. Completa el formulario y empieza hoy.\",\"breadcrumb\":{\"@id\":\"https:\\\/\\\/farmerbrown.com\\\/es\\\/sobre-nosotros\\\/suscripcion-mensajes-de-texto\\\/#breadcrumb\"},\"inLanguage\":\"es\",\"potentialAction\":[{\"@type\":\"ReadAction\",\"target\":[\"https:\\\/\\\/farmerbrown.com\\\/es\\\/sobre-nosotros\\\/suscripcion-mensajes-de-texto\\\/\"]}]},{\"@type\":\"BreadcrumbList\",\"@id\":\"https:\\\/\\\/farmerbrown.com\\\/es\\\/sobre-nosotros\\\/suscripcion-mensajes-de-texto\\\/#breadcrumb\",\"itemListElement\":[{\"@type\":\"ListItem\",\"position\":1,\"name\":\"Home\",\"item\":\"https:\\\/\\\/farmerbrown.com\\\/es\\\/\"},{\"@type\":\"ListItem\",\"position\":2,\"name\":\"Sobre Nosotros\",\"item\":\"https:\\\/\\\/farmerbrown.com\\\/es\\\/sobre-nosotros\\\/\"},{\"@type\":\"ListItem\",\"position\":3,\"name\":\"Suscripci\u00f3n por Mensaje de Texto\"}]},{\"@type\":\"WebSite\",\"@id\":\"https:\\\/\\\/farmerbrown.com\\\/es\\\/#website\",\"url\":\"https:\\\/\\\/farmerbrown.com\\\/es\\\/\",\"name\":\"Farmer Brown Insurance\",\"description\":\"Farmer Brown routinely saves businesses money on their Insurance Premiums\",\"publisher\":{\"@id\":\"https:\\\/\\\/farmerbrown.com\\\/es\\\/#organization\"},\"potentialAction\":[{\"@type\":\"SearchAction\",\"target\":{\"@type\":\"EntryPoint\",\"urlTemplate\":\"https:\\\/\\\/farmerbrown.com\\\/es\\\/?s={search_term_string}\"},\"query-input\":{\"@type\":\"PropertyValueSpecification\",\"valueRequired\":true,\"valueName\":\"search_term_string\"}}],\"inLanguage\":\"es\"},{\"@type\":\"Organization\",\"@id\":\"https:\\\/\\\/farmerbrown.com\\\/es\\\/#organization\",\"name\":\"Farmer Brown Insurance\",\"url\":\"https:\\\/\\\/farmerbrown.com\\\/es\\\/\",\"logo\":{\"@type\":\"ImageObject\",\"inLanguage\":\"es\",\"@id\":\"https:\\\/\\\/farmerbrown.com\\\/es\\\/#\\\/schema\\\/logo\\\/image\\\/\",\"url\":\"https:\\\/\\\/farmerbrown.com\\\/wp-content\\\/uploads\\\/2023\\\/08\\\/50pt.png\",\"contentUrl\":\"https:\\\/\\\/farmerbrown.com\\\/wp-content\\\/uploads\\\/2023\\\/08\\\/50pt.png\",\"width\":176,\"height\":50,\"caption\":\"Farmer Brown Insurance\"},\"image\":{\"@id\":\"https:\\\/\\\/farmerbrown.com\\\/es\\\/#\\\/schema\\\/logo\\\/image\\\/\"},\"sameAs\":[\"https:\\\/\\\/www.facebook.com\\\/pages\\\/Farmer-Brown-Insurance\\\/1423434997919303\",\"https:\\\/\\\/x.com\\\/farmerbrownINCE\",\"https:\\\/\\\/www.linkedin.com\\\/company\\\/farmer-brown-insurance\",\"https:\\\/\\\/www.pinterest.com\\\/farmerbrownINS\\\/\",\"https:\\\/\\\/www.youtube.com\\\/channel\\\/UClICXe78zkT9v608OnrdnbA\"]}]}<\/script>\n<!-- \/ Yoast SEO Premium plugin. -->","yoast_head_json":{"title":"Suscripci\u00f3n por Mensaje de Texto Farmer Brown Insurance","description":"Suscr\u00edbete para recibir actualizaciones sobre tu seguro directamente en tu tel\u00e9fono. Completa el formulario y empieza hoy.","robots":{"index":"index","follow":"follow","max-snippet":"max-snippet:-1","max-image-preview":"max-image-preview:large","max-video-preview":"max-video-preview:-1"},"canonical":"https:\/\/farmerbrown.com\/es\/sobre-nosotros\/suscripcion-mensajes-de-texto\/","og_locale":"es_ES","og_type":"article","og_title":"Suscripci\u00f3n por Mensaje de Texto","og_description":"Suscr\u00edbete para recibir actualizaciones sobre tu seguro directamente en tu tel\u00e9fono. Completa el formulario y empieza hoy.","og_url":"https:\/\/farmerbrown.com\/es\/sobre-nosotros\/suscripcion-mensajes-de-texto\/","og_site_name":"Farmer Brown Insurance","article_publisher":"https:\/\/www.facebook.com\/pages\/Farmer-Brown-Insurance\/1423434997919303","article_modified_time":"2026-04-27T16:41:43+00:00","og_image":[{"width":1600,"height":1067,"url":"https:\/\/farmerbrown.com\/wp-content\/uploads\/2014\/02\/Tablet-construction.jpg","type":"image\/jpeg"}],"twitter_card":"summary_large_image","twitter_site":"@farmerbrownINCE","twitter_misc":{"Tiempo de lectura":"2 minutos"},"schema":{"@context":"https:\/\/schema.org","@graph":[{"@type":"WebPage","@id":"https:\/\/farmerbrown.com\/es\/sobre-nosotros\/suscripcion-mensajes-de-texto\/","url":"https:\/\/farmerbrown.com\/es\/sobre-nosotros\/suscripcion-mensajes-de-texto\/","name":"Suscripci\u00f3n por Mensaje de Texto Farmer Brown Insurance","isPartOf":{"@id":"https:\/\/farmerbrown.com\/es\/#website"},"datePublished":"2026-04-27T16:30:01+00:00","dateModified":"2026-04-27T16:41:43+00:00","description":"Suscr\u00edbete para recibir actualizaciones sobre tu seguro directamente en tu tel\u00e9fono. Completa el formulario y empieza hoy.","breadcrumb":{"@id":"https:\/\/farmerbrown.com\/es\/sobre-nosotros\/suscripcion-mensajes-de-texto\/#breadcrumb"},"inLanguage":"es","potentialAction":[{"@type":"ReadAction","target":["https:\/\/farmerbrown.com\/es\/sobre-nosotros\/suscripcion-mensajes-de-texto\/"]}]},{"@type":"BreadcrumbList","@id":"https:\/\/farmerbrown.com\/es\/sobre-nosotros\/suscripcion-mensajes-de-texto\/#breadcrumb","itemListElement":[{"@type":"ListItem","position":1,"name":"Home","item":"https:\/\/farmerbrown.com\/es\/"},{"@type":"ListItem","position":2,"name":"Sobre Nosotros","item":"https:\/\/farmerbrown.com\/es\/sobre-nosotros\/"},{"@type":"ListItem","position":3,"name":"Suscripci\u00f3n por Mensaje de Texto"}]},{"@type":"WebSite","@id":"https:\/\/farmerbrown.com\/es\/#website","url":"https:\/\/farmerbrown.com\/es\/","name":"Farmer Brown Insurance","description":"Farmer Brown routinely saves businesses money on their Insurance Premiums","publisher":{"@id":"https:\/\/farmerbrown.com\/es\/#organization"},"potentialAction":[{"@type":"SearchAction","target":{"@type":"EntryPoint","urlTemplate":"https:\/\/farmerbrown.com\/es\/?s={search_term_string}"},"query-input":{"@type":"PropertyValueSpecification","valueRequired":true,"valueName":"search_term_string"}}],"inLanguage":"es"},{"@type":"Organization","@id":"https:\/\/farmerbrown.com\/es\/#organization","name":"Farmer Brown Insurance","url":"https:\/\/farmerbrown.com\/es\/","logo":{"@type":"ImageObject","inLanguage":"es","@id":"https:\/\/farmerbrown.com\/es\/#\/schema\/logo\/image\/","url":"https:\/\/farmerbrown.com\/wp-content\/uploads\/2023\/08\/50pt.png","contentUrl":"https:\/\/farmerbrown.com\/wp-content\/uploads\/2023\/08\/50pt.png","width":176,"height":50,"caption":"Farmer Brown Insurance"},"image":{"@id":"https:\/\/farmerbrown.com\/es\/#\/schema\/logo\/image\/"},"sameAs":["https:\/\/www.facebook.com\/pages\/Farmer-Brown-Insurance\/1423434997919303","https:\/\/x.com\/farmerbrownINCE","https:\/\/www.linkedin.com\/company\/farmer-brown-insurance","https:\/\/www.pinterest.com\/farmerbrownINS\/","https:\/\/www.youtube.com\/channel\/UClICXe78zkT9v608OnrdnbA"]}]}},"_links":{"self":[{"href":"https:\/\/farmerbrown.com\/es\/wp-json\/wp\/v2\/pages\/97392","targetHints":{"allow":["GET"]}}],"collection":[{"href":"https:\/\/farmerbrown.com\/es\/wp-json\/wp\/v2\/pages"}],"about":[{"href":"https:\/\/farmerbrown.com\/es\/wp-json\/wp\/v2\/types\/page"}],"author":[{"embeddable":true,"href":"https:\/\/farmerbrown.com\/es\/wp-json\/wp\/v2\/users\/83"}],"replies":[{"embeddable":true,"href":"https:\/\/farmerbrown.com\/es\/wp-json\/wp\/v2\/comments?post=97392"}],"version-history":[{"count":4,"href":"https:\/\/farmerbrown.com\/es\/wp-json\/wp\/v2\/pages\/97392\/revisions"}],"predecessor-version":[{"id":97396,"href":"https:\/\/farmerbrown.com\/es\/wp-json\/wp\/v2\/pages\/97392\/revisions\/97396"}],"up":[{"embeddable":true,"href":"https:\/\/farmerbrown.com\/es\/wp-json\/wp\/v2\/pages\/96709"}],"wp:attachment":[{"href":"https:\/\/farmerbrown.com\/es\/wp-json\/wp\/v2\/media?parent=97392"}],"curies":[{"name":"wp","href":"https:\/\/api.w.org\/{rel}","templated":true}]}}