{"id":97504,"date":"2025-07-04T03:26:20","date_gmt":"2025-07-04T08:26:20","guid":{"rendered":"https:\/\/farmerbrown.com\/instant-insurance-quote-isc\/"},"modified":"2026-04-27T18:00:59","modified_gmt":"2026-04-27T23:00:59","slug":"cotizacion-de-seguro-instantanea-isc","status":"publish","type":"page","link":"https:\/\/farmerbrown.com\/es\/cotizacion-de-seguro-instantanea-isc\/","title":{"rendered":"Su cotizaci\u00f3n de seguro instant\u00e1nea &#8211; ISC &#8211; Obtenga Cobertura R\u00e1pidamente"},"content":{"rendered":"\t\t<div data-elementor-type=\"wp-page\" data-elementor-id=\"97504\" class=\"elementor elementor-97504 elementor-84300\" data-elementor-post-type=\"page\">\n\t\t\t\t<div class=\"elementor-element elementor-element-832d12f e-flex e-con-boxed e-con e-parent\" data-id=\"832d12f\" data-element_type=\"container\" data-e-type=\"container\">\n\t\t\t\t\t<div class=\"e-con-inner\">\n\t\t\t\t<div class=\"elementor-element elementor-element-7d34195 elementor-widget elementor-widget-heading\" data-id=\"7d34195\" data-element_type=\"widget\" data-e-type=\"widget\" data-widget_type=\"heading.default\">\n\t\t\t\t\t<h1 class=\"elementor-heading-title elementor-size-default\">Tu cotizaci\u00f3n de seguro instant\u00e1nea \u2013 Obt\u00e9n Cobertura R\u00e1pidamente<\/h1>\t\t\t\t<\/div>\n\t\t<div class=\"elementor-element elementor-element-5cb25f5 e-con-full e-flex e-con e-child\" data-id=\"5cb25f5\" data-element_type=\"container\" data-e-type=\"container\">\n\t\t\t\t<div class=\"elementor-element elementor-element-334b86c elementor-widget elementor-widget-html\" data-id=\"334b86c\" data-element_type=\"widget\" data-e-type=\"widget\" data-widget_type=\"html.default\">\n\t\t\t\t\t<div style=\"width:100%; overflow:hidden;\">\r\n  <iframe \r\n    id=\"fbQuoteIframe\" src=\"https:\/\/farmerbrown.calforce.pro\/?locale=es&website=farmerbrown\" scrolling=\"no\" style=\"width:100%; border:none; display:block; overflow:hidden;\"\r\n  ><\/iframe>\r\n<\/div>\r\n\r\n<script>\r\n  const iframe = document.getElementById(\"fbQuoteIframe\");\r\n\r\n  window.addEventListener(\"message\", function(event) {\r\n\r\n    if (event.data && event.data.type === \"resize\") {\r\n      iframe.style.height = (event.data.scrollHeight + 20) + \"px\";\r\n    }\r\n\r\n    if (event.data && event.data.type === \"formSubmitted\") {\r\n      iframe.scrollIntoView({ behavior: \"smooth\", block: \"start\" });\r\n    }\r\n\r\n  });\r\n<\/script>\t\t\t\t<\/div>\n\t\t\t\t<\/div>\n\t\t<div class=\"elementor-element elementor-element-f7fa966 e-grid e-con-full e-con e-child\" data-id=\"f7fa966\" data-element_type=\"container\" data-e-type=\"container\">\n\t\t\t\t<div class=\"elementor-element elementor-element-f385e2c elementor-position-left elementor-vertical-align-middle elementor-widget elementor-widget-image-box\" data-id=\"f385e2c\" data-element_type=\"widget\" data-e-type=\"widget\" data-widget_type=\"image-box.default\">\n\t\t\t\t\t<div class=\"elementor-image-box-wrapper\"><figure class=\"elementor-image-box-img\"><img decoding=\"async\" src=\"https:\/\/farmerbrown.com\/wp-content\/uploads\/2025\/06\/star_check.png\" title=\"\" alt=\"\" loading=\"lazy\" \/><\/figure><div class=\"elementor-image-box-content\"><p class=\"elementor-image-box-description\">Cobertura disponible el mismo d\u00eda<\/p><\/div><\/div>\t\t\t\t<\/div>\n\t\t\t\t<div class=\"elementor-element elementor-element-7eba531 elementor-position-left elementor-vertical-align-middle elementor-widget elementor-widget-image-box\" data-id=\"7eba531\" data-element_type=\"widget\" data-e-type=\"widget\" data-widget_type=\"image-box.default\">\n\t\t\t\t\t<div class=\"elementor-image-box-wrapper\"><figure class=\"elementor-image-box-img\"><img decoding=\"async\" src=\"https:\/\/farmerbrown.com\/wp-content\/uploads\/2025\/06\/star_check.png\" title=\"\" alt=\"\" loading=\"lazy\" \/><\/figure><div class=\"elementor-image-box-content\"><p class=\"elementor-image-box-description\">M\u00e1s de 25 000 empresas conf\u00edan en nosotros<\/p><\/div><\/div>\t\t\t\t<\/div>\n\t\t\t\t<div class=\"elementor-element elementor-element-f9c69e1 elementor-position-left elementor-vertical-align-middle elementor-widget elementor-widget-image-box\" data-id=\"f9c69e1\" data-element_type=\"widget\" data-e-type=\"widget\" data-widget_type=\"image-box.default\">\n\t\t\t\t\t<div class=\"elementor-image-box-wrapper\"><figure class=\"elementor-image-box-img\"><img decoding=\"async\" src=\"https:\/\/farmerbrown.com\/wp-content\/uploads\/2025\/06\/star_check.png\" title=\"\" alt=\"\" loading=\"lazy\" \/><\/figure><div class=\"elementor-image-box-content\"><p class=\"elementor-image-box-description\">Respaldado por operadores premium<\/p><\/div><\/div>\t\t\t\t<\/div>\n\t\t\t\t<\/div>\n\t\t\t\t\t<\/div>\n\t\t\t\t<\/div>\n\t\t<div class=\"elementor-element elementor-element-a7288ec e-flex e-con-boxed e-con e-parent\" data-id=\"a7288ec\" data-element_type=\"container\" data-e-type=\"container\">\n\t\t\t\t\t<div class=\"e-con-inner\">\n\t\t<div class=\"elementor-element elementor-element-4114e8b e-con-full e-flex e-con e-child\" data-id=\"4114e8b\" data-element_type=\"container\" data-e-type=\"container\" data-settings=\"{&quot;background_background&quot;:&quot;classic&quot;}\">\n\t\t\t\t<div class=\"elementor-element elementor-element-67281b8 elementor-widget elementor-widget-heading\" data-id=\"67281b8\" data-element_type=\"widget\" data-e-type=\"widget\" data-widget_type=\"heading.default\">\n\t\t\t\t\t<h3 class=\"elementor-heading-title elementor-size-default\">\u00bfDesea finalizar su p\u00f3liza o hablar con un experto?<\/h3>\t\t\t\t<\/div>\n\t\t\t\t<div class=\"elementor-element elementor-element-0e4a399 elementor-widget elementor-widget-heading\" data-id=\"0e4a399\" data-element_type=\"widget\" data-e-type=\"widget\" data-widget_type=\"heading.default\">\n\t\t\t\t\t<h4 class=\"elementor-heading-title elementor-size-default\">Ll\u00e1manos o haz clic abajo para continuar.<\/h4>\t\t\t\t<\/div>\n\t\t\t\t<div class=\"elementor-element elementor-element-88bc158 elementor-mobile-align-justify elementor-widget elementor-widget-button\" data-id=\"88bc158\" data-element_type=\"widget\" data-e-type=\"widget\" data-widget_type=\"button.default\">\n\t\t\t\t\t\t\t\t\t\t<a class=\"elementor-button elementor-button-link elementor-size-sm\" href=\"tel:8889730016\">\n\t\t\t\t\t\t<span class=\"elementor-button-content-wrapper\">\n\t\t\t\t\t\t<span class=\"elementor-button-icon\">\n\t\t\t\t<svg aria-hidden=\"true\" class=\"e-font-icon-svg e-fas-phone-alt\" viewBox=\"0 0 512 512\" xmlns=\"http:\/\/www.w3.org\/2000\/svg\"><path d=\"M497.39 361.8l-112-48a24 24 0 0 0-28 6.9l-49.6 60.6A370.66 370.66 0 0 1 130.6 204.11l60.6-49.6a23.94 23.94 0 0 0 6.9-28l-48-112A24.16 24.16 0 0 0 122.6.61l-104 24A24 24 0 0 0 0 48c0 256.5 207.9 464 464 464a24 24 0 0 0 23.4-18.6l24-104a24.29 24.29 0 0 0-14.01-27.6z\"><\/path><\/svg>\t\t\t<\/span>\n\t\t\t\t\t\t\t\t\t<span class=\"elementor-button-text\">Talk to an expert<\/span>\n\t\t\t\t\t<\/span>\n\t\t\t\t\t<\/a>\n\t\t\t\t\t\t\t\t<\/div>\n\t\t\t\t<\/div>\n\t\t\t\t\t<\/div>\n\t\t\t\t<\/div>\n\t\t<div class=\"elementor-element elementor-element-70a281d e-con-full e-flex e-con e-parent\" data-id=\"70a281d\" data-element_type=\"container\" data-e-type=\"container\">\n\t\t\t\t<div class=\"elementor-element elementor-element-e20b5c9 elementor-widget elementor-widget-template\" data-id=\"e20b5c9\" data-element_type=\"widget\" data-e-type=\"widget\" data-widget_type=\"template.default\">\n\t\t\t\t<div class=\"elementor-widget-container\">\n\t\t\t\t\t\t\t<div class=\"elementor-template\">\n\t\t\t\t\t<div data-elementor-type=\"container\" data-elementor-id=\"97089\" class=\"elementor elementor-97089\" data-elementor-post-type=\"elementor_library\">\n\t\t\t\t<div class=\"elementor-element elementor-element-160091c8 e-flex e-con-boxed e-con e-parent\" data-id=\"160091c8\" data-element_type=\"container\" data-e-type=\"container\" data-settings=\"{&quot;background_background&quot;:&quot;classic&quot;}\">\n\t\t\t\t\t<div class=\"e-con-inner\">\n\t\t<div class=\"elementor-element elementor-element-28cc15cb e-con-full e-flex e-con e-child\" data-id=\"28cc15cb\" data-element_type=\"container\" data-e-type=\"container\">\n\t\t\t\t<div class=\"elementor-element elementor-element-3ad256be elementor-widget elementor-widget-image\" data-id=\"3ad256be\" data-element_type=\"widget\" data-e-type=\"widget\" data-widget_type=\"image.default\">\n\t\t\t\t\t\t\t\t\t\t\t\t\t\t\t<img fetchpriority=\"high\" decoding=\"async\" width=\"800\" height=\"959\" src=\"https:\/\/farmerbrown.com\/wp-content\/uploads\/2026\/04\/wc-ebook-cover-es-854x1024.png\" class=\"attachment-large size-large wp-image-97073\" alt=\"handyman workers compensation seguro para contratistas ebook\" srcset=\"https:\/\/farmerbrown.com\/wp-content\/uploads\/2026\/04\/wc-ebook-cover-es-854x1024.png 854w, https:\/\/farmerbrown.com\/wp-content\/uploads\/2026\/04\/wc-ebook-cover-es-250x300.png 250w, https:\/\/farmerbrown.com\/wp-content\/uploads\/2026\/04\/wc-ebook-cover-es-768x921.png 768w, https:\/\/farmerbrown.com\/wp-content\/uploads\/2026\/04\/wc-ebook-cover-es-1280x1536.png 1280w, https:\/\/farmerbrown.com\/wp-content\/uploads\/2026\/04\/wc-ebook-cover-es.png 1667w\" sizes=\"(max-width: 800px) 100vw, 800px\" \/>\t\t\t\t\t\t\t\t\t\t\t\t\t\t\t<\/div>\n\t\t\t\t<\/div>\n\t\t<div class=\"elementor-element elementor-element-65f878f2 e-con-full e-flex e-con e-child\" data-id=\"65f878f2\" data-element_type=\"container\" data-e-type=\"container\">\n\t\t\t\t<div class=\"elementor-element elementor-element-6fb6cf9 elementor-widget elementor-widget-heading\" data-id=\"6fb6cf9\" data-element_type=\"widget\" data-e-type=\"widget\" data-widget_type=\"heading.default\">\n\t\t\t\t\t<h2 class=\"elementor-heading-title elementor-size-default\">Obtenga el ebook ahora<\/h2>\t\t\t\t<\/div>\n\t\t\t\t<div class=\"elementor-element elementor-element-1cf318d elementor-widget elementor-widget-text-editor\" data-id=\"1cf318d\" data-element_type=\"widget\" data-e-type=\"widget\" data-widget_type=\"text-editor.default\">\n\t\t\t\t\t\t\t\t\t<p>Todo lo que necesita saber sobre los seguros para contratistas est\u00e1 aqu\u00ed.<\/p>\t\t\t\t\t\t\t\t<\/div>\n\t\t\t\t<div class=\"elementor-element elementor-element-5128689b elementor-mobile-align-center elementor-widget elementor-widget-button\" data-id=\"5128689b\" data-element_type=\"widget\" data-e-type=\"widget\" data-widget_type=\"button.default\">\n\t\t\t\t\t\t\t\t\t\t<a class=\"elementor-button elementor-button-link elementor-size-sm\" href=\"https:\/\/contractorsliability.com\/es\/ebook\/\" target=\"_blank\">\n\t\t\t\t\t\t<span class=\"elementor-button-content-wrapper\">\n\t\t\t\t\t\t\t\t\t<span class=\"elementor-button-text\">L\u00e9alo ahora<\/span>\n\t\t\t\t\t<\/span>\n\t\t\t\t\t<\/a>\n\t\t\t\t\t\t\t\t<\/div>\n\t\t\t\t<\/div>\n\t\t\t\t\t<\/div>\n\t\t\t\t<\/div>\n\t\t\t\t<\/div>\n\t\t\t\t<\/div>\n\t\t\t\t\t\t<\/div>\n\t\t\t\t<\/div>\n\t\t\t\t<\/div>\n\t\t<div class=\"elementor-element elementor-element-fb02a74 e-con-full e-flex e-con e-parent\" data-id=\"fb02a74\" data-element_type=\"container\" data-e-type=\"container\">\n\t\t\t\t<div class=\"elementor-element elementor-element-a9c19ed elementor-widget elementor-widget-template\" data-id=\"a9c19ed\" data-element_type=\"widget\" data-e-type=\"widget\" data-widget_type=\"template.default\">\n\t\t\t\t<div class=\"elementor-widget-container\">\n\t\t\t\t\t\t\t<div class=\"elementor-template\">\n\t\t\t\t\t<div data-elementor-type=\"container\" data-elementor-id=\"97096\" class=\"elementor elementor-97096\" data-elementor-post-type=\"elementor_library\">\n\t\t\t\t<div class=\"elementor-element elementor-element-71919bbf e-con-full e-flex e-con e-parent\" data-id=\"71919bbf\" data-element_type=\"container\" data-e-type=\"container\">\n\t\t\t\t<div class=\"elementor-element elementor-element-55b72775 elementor-widget elementor-widget-heading\" data-id=\"55b72775\" data-element_type=\"widget\" data-e-type=\"widget\" data-widget_type=\"heading.default\">\n\t\t\t\t\t<h1 class=\"elementor-heading-title elementor-size-default\">\u00bfA\u00fan Tiene Alguna Pregunta?<\/h1>\t\t\t\t<\/div>\n\t\t<div class=\"elementor-element elementor-element-32a65522 e-con-full e-flex e-con e-child\" data-id=\"32a65522\" data-element_type=\"container\" data-e-type=\"container\">\n\t\t\t\t<div class=\"elementor-element elementor-element-2a7fe7bb elementor-widget__width-initial elementor-position-top elementor-widget elementor-widget-image-box\" data-id=\"2a7fe7bb\" data-element_type=\"widget\" data-e-type=\"widget\" data-widget_type=\"image-box.default\">\n\t\t\t\t\t<div class=\"elementor-image-box-wrapper\"><figure class=\"elementor-image-box-img\"><a href=\"https:\/\/farmerbrown.com?page_id=173\" tabindex=\"-1\"><img decoding=\"async\" width=\"76\" height=\"75\" src=\"https:\/\/farmerbrown.com\/wp-content\/uploads\/2023\/05\/Find-us-NOW-icon.png\" class=\"attachment-full size-full wp-image-72122\" alt=\"Find us FarmerBrown Insurance icon\" \/><\/a><\/figure><div class=\"elementor-image-box-content\"><h3 class=\"elementor-image-box-title\"><a href=\"https:\/\/farmerbrown.com?page_id=173\">\u00a1Encu\u00e9ntrenos AHORA!<\/a><\/h3><p class=\"elementor-image-box-description\">Estamos ubicados en 21750 Hardy Oak Blvd Ste. San Antonio, TX, 78258<\/p><\/div><\/div>\t\t\t\t<\/div>\n\t\t\t\t<div class=\"elementor-element elementor-element-2872051a elementor-widget__width-initial elementor-position-top elementor-widget elementor-widget-image-box\" data-id=\"2872051a\" data-element_type=\"widget\" data-e-type=\"widget\" data-widget_type=\"image-box.default\">\n\t\t\t\t\t<div class=\"elementor-image-box-wrapper\"><figure class=\"elementor-image-box-img\"><a href=\"https:\/\/farmerbrown.com?page_id=2613\" tabindex=\"-1\"><img decoding=\"async\" width=\"90\" height=\"79\" src=\"https:\/\/farmerbrown.com\/wp-content\/uploads\/2023\/05\/Frequently-Asked-Questions-icon.png\" class=\"attachment-full size-full wp-image-72120\" alt=\"Frequently Asked Questions icon\" \/><\/a><\/figure><div class=\"elementor-image-box-content\"><h3 class=\"elementor-image-box-title\"><a href=\"https:\/\/farmerbrown.com?page_id=2613\">Preguntas Frecuentes<\/a><\/h3><p class=\"elementor-image-box-description\">Un lugar donde encontrar todas las respuestas<\/p><\/div><\/div>\t\t\t\t<\/div>\n\t\t\t\t<div class=\"elementor-element elementor-element-21d18a71 elementor-widget__width-initial elementor-position-top elementor-widget elementor-widget-image-box\" data-id=\"21d18a71\" data-element_type=\"widget\" data-e-type=\"widget\" data-widget_type=\"image-box.default\">\n\t\t\t\t\t<div class=\"elementor-image-box-wrapper\"><figure class=\"elementor-image-box-img\"><a href=\"https:\/\/farmerbrown.com?page_id=173\" tabindex=\"-1\"><img loading=\"lazy\" decoding=\"async\" width=\"68\" height=\"75\" src=\"https:\/\/farmerbrown.com\/wp-content\/uploads\/2023\/05\/Talk-With-An-Agent-Now-icon.png\" class=\"attachment-full size-full wp-image-72118\" alt=\"Talk With An Agent Now icon\" \/><\/a><\/figure><div class=\"elementor-image-box-content\"><h3 class=\"elementor-image-box-title\"><a href=\"https:\/\/farmerbrown.com?page_id=173\">Hable Con un Agente Ahora<\/a><\/h3><p class=\"elementor-image-box-description\">Veamos c\u00f3mo podemos ayudarle<\/p><\/div><\/div>\t\t\t\t<\/div>\n\t\t\t\t<\/div>\n\t\t\t\t<\/div>\n\t\t\t\t<\/div>\n\t\t\t\t<\/div>\n\t\t\t\t\t\t<\/div>\n\t\t\t\t<\/div>\n\t\t\t\t<\/div>\n\t\t\t\t<\/div>\n\t\t","protected":false},"excerpt":{"rendered":"<p>Tu cotizaci\u00f3n de seguro instant\u00e1nea \u2013 Obt\u00e9n Cobertura R\u00e1pidamente Cobertura disponible el mismo d\u00eda M\u00e1s de 25 000 empresas conf\u00edan en nosotros Respaldado por operadores premium \u00bfDesea finalizar su p\u00f3liza o hablar con un experto? Ll\u00e1manos o haz clic abajo para continuar. Talk to an expert<\/p>\n","protected":false},"author":30,"featured_media":0,"parent":0,"menu_order":13,"comment_status":"closed","ping_status":"closed","template":"","meta":{"inline_featured_image":false,"footnotes":""},"class_list":["post-97504","page","type-page","status-publish","hentry"],"yoast_head":"<!-- This site is optimized with the Yoast SEO Premium plugin v26.3 (Yoast SEO v27.6) - https:\/\/yoast.com\/product\/yoast-seo-premium-wordpress\/ -->\n<title>Your Instant Insurance Quote \u2013 Get Covered Fast<\/title>\n<meta name=\"description\" content=\"Need to insure your business? Let our experienced agents find you the best coverage and price for your business.\" \/>\n<meta name=\"robots\" content=\"index, follow, max-snippet:-1, max-image-preview:large, max-video-preview:-1\" \/>\n<link rel=\"canonical\" href=\"https:\/\/farmerbrown.com\/es\/cotizacion-de-seguro-instantanea-isc\/\" \/>\n<meta property=\"og:locale\" content=\"es_ES\" \/>\n<meta property=\"og:type\" content=\"article\" \/>\n<meta property=\"og:title\" content=\"Su cotizaci\u00f3n de seguro instant\u00e1nea - ISC - Obtenga Cobertura R\u00e1pidamente\" \/>\n<meta property=\"og:description\" content=\"Need to insure your business? Let our experienced agents find you the best coverage and price for your business.\" \/>\n<meta property=\"og:url\" content=\"https:\/\/farmerbrown.com\/es\/cotizacion-de-seguro-instantanea-isc\/\" \/>\n<meta property=\"og:site_name\" content=\"Farmer Brown Insurance\" \/>\n<meta property=\"article:publisher\" content=\"https:\/\/www.facebook.com\/pages\/Farmer-Brown-Insurance\/1423434997919303\" \/>\n<meta property=\"article:modified_time\" content=\"2026-04-27T23:00:59+00:00\" \/>\n<meta property=\"og:image\" content=\"https:\/\/farmerbrown.com\/wp-content\/uploads\/2025\/06\/star_check.png\" \/>\n<meta name=\"twitter:card\" content=\"summary_large_image\" \/>\n<meta name=\"twitter:site\" content=\"@farmerbrownINCE\" \/>\n<meta name=\"twitter:label1\" content=\"Tiempo de lectura\" \/>\n\t<meta name=\"twitter:data1\" content=\"2 minutos\" \/>\n<script type=\"application\/ld+json\" class=\"yoast-schema-graph\">{\"@context\":\"https:\\\/\\\/schema.org\",\"@graph\":[{\"@type\":\"WebPage\",\"@id\":\"https:\\\/\\\/farmerbrown.com\\\/es\\\/cotizacion-de-seguro-instantanea-isc\\\/\",\"url\":\"https:\\\/\\\/farmerbrown.com\\\/es\\\/cotizacion-de-seguro-instantanea-isc\\\/\",\"name\":\"Your Instant Insurance Quote \u2013 Get Covered Fast\",\"isPartOf\":{\"@id\":\"https:\\\/\\\/farmerbrown.com\\\/es\\\/#website\"},\"primaryImageOfPage\":{\"@id\":\"https:\\\/\\\/farmerbrown.com\\\/es\\\/cotizacion-de-seguro-instantanea-isc\\\/#primaryimage\"},\"image\":{\"@id\":\"https:\\\/\\\/farmerbrown.com\\\/es\\\/cotizacion-de-seguro-instantanea-isc\\\/#primaryimage\"},\"thumbnailUrl\":\"https:\\\/\\\/farmerbrown.com\\\/wp-content\\\/uploads\\\/2025\\\/06\\\/star_check.png\",\"datePublished\":\"2025-07-04T08:26:20+00:00\",\"dateModified\":\"2026-04-27T23:00:59+00:00\",\"description\":\"Need to insure your business? Let our experienced agents find you the best coverage and price for your business.\",\"breadcrumb\":{\"@id\":\"https:\\\/\\\/farmerbrown.com\\\/es\\\/cotizacion-de-seguro-instantanea-isc\\\/#breadcrumb\"},\"inLanguage\":\"es\",\"potentialAction\":[{\"@type\":\"ReadAction\",\"target\":[\"https:\\\/\\\/farmerbrown.com\\\/es\\\/cotizacion-de-seguro-instantanea-isc\\\/\"]}]},{\"@type\":\"ImageObject\",\"inLanguage\":\"es\",\"@id\":\"https:\\\/\\\/farmerbrown.com\\\/es\\\/cotizacion-de-seguro-instantanea-isc\\\/#primaryimage\",\"url\":\"https:\\\/\\\/farmerbrown.com\\\/wp-content\\\/uploads\\\/2025\\\/06\\\/star_check.png\",\"contentUrl\":\"https:\\\/\\\/farmerbrown.com\\\/wp-content\\\/uploads\\\/2025\\\/06\\\/star_check.png\"},{\"@type\":\"BreadcrumbList\",\"@id\":\"https:\\\/\\\/farmerbrown.com\\\/es\\\/cotizacion-de-seguro-instantanea-isc\\\/#breadcrumb\",\"itemListElement\":[{\"@type\":\"ListItem\",\"position\":1,\"name\":\"Home\",\"item\":\"https:\\\/\\\/farmerbrown.com\\\/es\\\/\"},{\"@type\":\"ListItem\",\"position\":2,\"name\":\"Su cotizaci\u00f3n de seguro instant\u00e1nea &#8211; ISC &#8211; Obtenga Cobertura R\u00e1pidamente\"}]},{\"@type\":\"WebSite\",\"@id\":\"https:\\\/\\\/farmerbrown.com\\\/es\\\/#website\",\"url\":\"https:\\\/\\\/farmerbrown.com\\\/es\\\/\",\"name\":\"Farmer Brown Insurance\",\"description\":\"Farmer Brown routinely saves businesses money on their Insurance Premiums\",\"publisher\":{\"@id\":\"https:\\\/\\\/farmerbrown.com\\\/es\\\/#organization\"},\"potentialAction\":[{\"@type\":\"SearchAction\",\"target\":{\"@type\":\"EntryPoint\",\"urlTemplate\":\"https:\\\/\\\/farmerbrown.com\\\/es\\\/?s={search_term_string}\"},\"query-input\":{\"@type\":\"PropertyValueSpecification\",\"valueRequired\":true,\"valueName\":\"search_term_string\"}}],\"inLanguage\":\"es\"},{\"@type\":\"Organization\",\"@id\":\"https:\\\/\\\/farmerbrown.com\\\/es\\\/#organization\",\"name\":\"Farmer Brown Insurance\",\"url\":\"https:\\\/\\\/farmerbrown.com\\\/es\\\/\",\"logo\":{\"@type\":\"ImageObject\",\"inLanguage\":\"es\",\"@id\":\"https:\\\/\\\/farmerbrown.com\\\/es\\\/#\\\/schema\\\/logo\\\/image\\\/\",\"url\":\"https:\\\/\\\/farmerbrown.com\\\/wp-content\\\/uploads\\\/2023\\\/08\\\/50pt.png\",\"contentUrl\":\"https:\\\/\\\/farmerbrown.com\\\/wp-content\\\/uploads\\\/2023\\\/08\\\/50pt.png\",\"width\":176,\"height\":50,\"caption\":\"Farmer Brown Insurance\"},\"image\":{\"@id\":\"https:\\\/\\\/farmerbrown.com\\\/es\\\/#\\\/schema\\\/logo\\\/image\\\/\"},\"sameAs\":[\"https:\\\/\\\/www.facebook.com\\\/pages\\\/Farmer-Brown-Insurance\\\/1423434997919303\",\"https:\\\/\\\/x.com\\\/farmerbrownINCE\",\"https:\\\/\\\/www.linkedin.com\\\/company\\\/farmer-brown-insurance\",\"https:\\\/\\\/www.pinterest.com\\\/farmerbrownINS\\\/\",\"https:\\\/\\\/www.youtube.com\\\/channel\\\/UClICXe78zkT9v608OnrdnbA\"]}]}<\/script>\n<!-- \/ Yoast SEO Premium plugin. -->","yoast_head_json":{"title":"Your Instant Insurance Quote \u2013 Get Covered Fast","description":"Need to insure your business? Let our experienced agents find you the best coverage and price for your business.","robots":{"index":"index","follow":"follow","max-snippet":"max-snippet:-1","max-image-preview":"max-image-preview:large","max-video-preview":"max-video-preview:-1"},"canonical":"https:\/\/farmerbrown.com\/es\/cotizacion-de-seguro-instantanea-isc\/","og_locale":"es_ES","og_type":"article","og_title":"Su cotizaci\u00f3n de seguro instant\u00e1nea - ISC - Obtenga Cobertura R\u00e1pidamente","og_description":"Need to insure your business? Let our experienced agents find you the best coverage and price for your business.","og_url":"https:\/\/farmerbrown.com\/es\/cotizacion-de-seguro-instantanea-isc\/","og_site_name":"Farmer Brown Insurance","article_publisher":"https:\/\/www.facebook.com\/pages\/Farmer-Brown-Insurance\/1423434997919303","article_modified_time":"2026-04-27T23:00:59+00:00","og_image":[{"url":"https:\/\/farmerbrown.com\/wp-content\/uploads\/2025\/06\/star_check.png","type":"","width":"","height":""}],"twitter_card":"summary_large_image","twitter_site":"@farmerbrownINCE","twitter_misc":{"Tiempo de lectura":"2 minutos"},"schema":{"@context":"https:\/\/schema.org","@graph":[{"@type":"WebPage","@id":"https:\/\/farmerbrown.com\/es\/cotizacion-de-seguro-instantanea-isc\/","url":"https:\/\/farmerbrown.com\/es\/cotizacion-de-seguro-instantanea-isc\/","name":"Your Instant Insurance Quote \u2013 Get Covered Fast","isPartOf":{"@id":"https:\/\/farmerbrown.com\/es\/#website"},"primaryImageOfPage":{"@id":"https:\/\/farmerbrown.com\/es\/cotizacion-de-seguro-instantanea-isc\/#primaryimage"},"image":{"@id":"https:\/\/farmerbrown.com\/es\/cotizacion-de-seguro-instantanea-isc\/#primaryimage"},"thumbnailUrl":"https:\/\/farmerbrown.com\/wp-content\/uploads\/2025\/06\/star_check.png","datePublished":"2025-07-04T08:26:20+00:00","dateModified":"2026-04-27T23:00:59+00:00","description":"Need to insure your business? Let our experienced agents find you the best coverage and price for your business.","breadcrumb":{"@id":"https:\/\/farmerbrown.com\/es\/cotizacion-de-seguro-instantanea-isc\/#breadcrumb"},"inLanguage":"es","potentialAction":[{"@type":"ReadAction","target":["https:\/\/farmerbrown.com\/es\/cotizacion-de-seguro-instantanea-isc\/"]}]},{"@type":"ImageObject","inLanguage":"es","@id":"https:\/\/farmerbrown.com\/es\/cotizacion-de-seguro-instantanea-isc\/#primaryimage","url":"https:\/\/farmerbrown.com\/wp-content\/uploads\/2025\/06\/star_check.png","contentUrl":"https:\/\/farmerbrown.com\/wp-content\/uploads\/2025\/06\/star_check.png"},{"@type":"BreadcrumbList","@id":"https:\/\/farmerbrown.com\/es\/cotizacion-de-seguro-instantanea-isc\/#breadcrumb","itemListElement":[{"@type":"ListItem","position":1,"name":"Home","item":"https:\/\/farmerbrown.com\/es\/"},{"@type":"ListItem","position":2,"name":"Su cotizaci\u00f3n de seguro instant\u00e1nea &#8211; ISC &#8211; Obtenga Cobertura R\u00e1pidamente"}]},{"@type":"WebSite","@id":"https:\/\/farmerbrown.com\/es\/#website","url":"https:\/\/farmerbrown.com\/es\/","name":"Farmer Brown Insurance","description":"Farmer Brown routinely saves businesses money on their Insurance Premiums","publisher":{"@id":"https:\/\/farmerbrown.com\/es\/#organization"},"potentialAction":[{"@type":"SearchAction","target":{"@type":"EntryPoint","urlTemplate":"https:\/\/farmerbrown.com\/es\/?s={search_term_string}"},"query-input":{"@type":"PropertyValueSpecification","valueRequired":true,"valueName":"search_term_string"}}],"inLanguage":"es"},{"@type":"Organization","@id":"https:\/\/farmerbrown.com\/es\/#organization","name":"Farmer Brown Insurance","url":"https:\/\/farmerbrown.com\/es\/","logo":{"@type":"ImageObject","inLanguage":"es","@id":"https:\/\/farmerbrown.com\/es\/#\/schema\/logo\/image\/","url":"https:\/\/farmerbrown.com\/wp-content\/uploads\/2023\/08\/50pt.png","contentUrl":"https:\/\/farmerbrown.com\/wp-content\/uploads\/2023\/08\/50pt.png","width":176,"height":50,"caption":"Farmer Brown Insurance"},"image":{"@id":"https:\/\/farmerbrown.com\/es\/#\/schema\/logo\/image\/"},"sameAs":["https:\/\/www.facebook.com\/pages\/Farmer-Brown-Insurance\/1423434997919303","https:\/\/x.com\/farmerbrownINCE","https:\/\/www.linkedin.com\/company\/farmer-brown-insurance","https:\/\/www.pinterest.com\/farmerbrownINS\/","https:\/\/www.youtube.com\/channel\/UClICXe78zkT9v608OnrdnbA"]}]}},"_links":{"self":[{"href":"https:\/\/farmerbrown.com\/es\/wp-json\/wp\/v2\/pages\/97504","targetHints":{"allow":["GET"]}}],"collection":[{"href":"https:\/\/farmerbrown.com\/es\/wp-json\/wp\/v2\/pages"}],"about":[{"href":"https:\/\/farmerbrown.com\/es\/wp-json\/wp\/v2\/types\/page"}],"author":[{"embeddable":true,"href":"https:\/\/farmerbrown.com\/es\/wp-json\/wp\/v2\/users\/30"}],"replies":[{"embeddable":true,"href":"https:\/\/farmerbrown.com\/es\/wp-json\/wp\/v2\/comments?post=97504"}],"version-history":[{"count":5,"href":"https:\/\/farmerbrown.com\/es\/wp-json\/wp\/v2\/pages\/97504\/revisions"}],"predecessor-version":[{"id":97514,"href":"https:\/\/farmerbrown.com\/es\/wp-json\/wp\/v2\/pages\/97504\/revisions\/97514"}],"wp:attachment":[{"href":"https:\/\/farmerbrown.com\/es\/wp-json\/wp\/v2\/media?parent=97504"}],"curies":[{"name":"wp","href":"https:\/\/api.w.org\/{rel}","templated":true}]}}