{"id":98719,"date":"2026-05-11T07:45:10","date_gmt":"2026-05-11T12:45:10","guid":{"rendered":"https:\/\/farmerbrown.com\/se-basa-el-seguro-de-responsabilidad-civil-general-en-la-nomina\/"},"modified":"2026-05-11T07:45:10","modified_gmt":"2026-05-11T12:45:10","slug":"se-basa-el-seguro-de-responsabilidad-civil-general-en-la-nomina","status":"publish","type":"page","link":"https:\/\/farmerbrown.com\/es\/se-basa-el-seguro-de-responsabilidad-civil-general-en-la-nomina\/","title":{"rendered":"\u00bfSe basa el seguro de responsabilidad civil general en la n\u00f3mina?"},"content":{"rendered":"\t\t<div data-elementor-type=\"wp-page\" data-elementor-id=\"98719\" class=\"elementor elementor-98719 elementor-95944\" data-elementor-post-type=\"page\">\n\t\t\t\t<div class=\"elementor-element elementor-element-b9f453b e-flex e-con-boxed e-con e-parent\" data-id=\"b9f453b\" data-element_type=\"container\" data-e-type=\"container\">\n\t\t\t\t\t<div class=\"e-con-inner\">\n\t\t\t\t<div class=\"elementor-element elementor-element-add9657 elementor-widget elementor-widget-image\" data-id=\"add9657\" data-element_type=\"widget\" data-e-type=\"widget\" data-widget_type=\"image.default\">\n\t\t\t\t\t\t\t\t\t\t\t\t\t\t\t<img decoding=\"async\" src=\"https:\/\/farmerbrown.com\/wp-content\/uploads\/2023\/03\/Principal-image-of-is-general-liability-insurance-based-on-payroll-min.png\" title=\"\" alt=\"Principal image of is general liability insurance based on payroll-min\" loading=\"lazy\" \/>\t\t\t\t\t\t\t\t\t\t\t\t\t\t\t<\/div>\n\t\t\t\t<div class=\"elementor-element elementor-element-ef1f4b4 elementor-widget elementor-widget-heading\" data-id=\"ef1f4b4\" data-element_type=\"widget\" data-e-type=\"widget\" data-widget_type=\"heading.default\">\n\t\t\t\t\t<h2 class=\"elementor-heading-title elementor-size-default\">\u00bfSe basa el seguro de responsabilidad civil general en la n\u00f3mina?<\/h2>\t\t\t\t<\/div>\n\t\t\t\t<div class=\"elementor-element elementor-element-c435220 elementor-widget elementor-widget-text-editor\" data-id=\"c435220\" data-element_type=\"widget\" data-e-type=\"widget\" data-widget_type=\"text-editor.default\">\n\t\t\t\t\t\t\t\t\t<div class=\"et_pb_module et_pb_text et_pb_text_0 et_pb_text_align_left et_pb_bg_layout_light\"><div class=\"et_pb_text_inner\"><h1><span style=\"font-size: 16px;\">Si tiene m\u00e1s de un empleado, quiz\u00e1s le interese considerar la contrataci\u00f3n de una p\u00f3liza de seguro de responsabilidad civil general. Este tipo de p\u00f3liza de seguro cubrir\u00e1 cualquier da\u00f1o causado a la propiedad e incluso podr\u00eda ser deducible del impuesto sobre la renta. No obstante, siempre debe consultar a un profesional fiscal antes de reclamar esta deducci\u00f3n. La prima de un seguro de responsabilidad civil general depender\u00e1 del n\u00famero de empleados y del n\u00famero de contratistas y consultores que contrate.   <\/span><\/h1><\/div><\/div><div class=\"et_pb_module et_pb_image et_pb_image_1\"><span class=\"et_pb_image_wrap \"><img fetchpriority=\"high\" decoding=\"async\" class=\"wp-image-70940 perfmatters-lazy entered pmloaded aligncenter\" title=\"Infograf\u00eda: El seguro de responsabilidad civil general es esencial para su empresa\" src=\"https:\/\/farmerbrown.com\/wp-content\/uploads\/2023\/03\/Infographic-of-General-liability-insurance-is-essential-for-your-company.png\" alt=\"Infograf\u00eda: El seguro de responsabilidad civil general es esencial para su empresa\" width=\"468\" height=\"179\" data-src=\"https:\/\/farmerbrown.com\/wp-content\/uploads\/2023\/03\/Infographic-of-General-liability-insurance-is-essential-for-your-company.png\" data-ll-status=\"loaded\" srcset=\"https:\/\/farmerbrown.com\/wp-content\/uploads\/2023\/03\/Infographic-of-General-liability-insurance-is-essential-for-your-company.png 468w, https:\/\/farmerbrown.com\/wp-content\/uploads\/2023\/03\/Infographic-of-General-liability-insurance-is-essential-for-your-company-300x115.png 300w\" sizes=\"(max-width: 468px) 100vw, 468px\" \/><\/span><\/div><div class=\"et_pb_module et_pb_text et_pb_text_2 et_pb_text_align_left et_pb_bg_layout_light\"><div class=\"et_pb_text_inner\"><p>tenga una empresa peque\u00f1a o grande, el seguro de responsabilidad civil general es esencial para su compa\u00f1\u00eda. Cubre desde da\u00f1os a la propiedad hasta la defensa en juicios. <\/p><p><a href=\"https:\/\/farmerbrown.com\/does-general-liability-insurance-cover-independent-contractors\/\">Descubra m\u00e1s sobre el seguro de responsabilidad civil general para contratistas independientes aqu\u00ed<\/a><\/p><p>La n\u00f3mina tambi\u00e9n es un factor importante a considerar al calcular las primas de seguro. La n\u00f3mina incluye varias cosas: paga de vacaciones, tiempo de vacaciones no utilizado y baja por enfermedad. Cuanto mayor sea su n\u00f3mina, m\u00e1s caro ser\u00e1 su seguro. Tambi\u00e9n es importante recordar que una n\u00f3mina alta significa un mayor riesgo.   <\/p><\/div><\/div><div class=\"et_pb_module et_pb_image et_pb_image_2\"><span class=\"et_pb_image_wrap \"><img decoding=\"async\" class=\"wp-image-70942 perfmatters-lazy entered pmloaded aligncenter\" title=\"Infograf\u00eda: Cuanto mayor sea su n\u00f3mina, m\u00e1s caro ser\u00e1 su seguro\" src=\"https:\/\/farmerbrown.com\/wp-content\/uploads\/2023\/03\/Infographic-of-The-higher-your-payroll-the-more-expensive-your-insurance-will-be.png\" alt=\"Infograf\u00eda: Cuanto mayor sea su n\u00f3mina, m\u00e1s caro ser\u00e1 su seguro\" width=\"304\" height=\"260\" data-src=\"https:\/\/farmerbrown.com\/wp-content\/uploads\/2023\/03\/Infographic-of-The-higher-your-payroll-the-more-expensive-your-insurance-will-be.png\" data-ll-status=\"loaded\" srcset=\"https:\/\/farmerbrown.com\/wp-content\/uploads\/2023\/03\/Infographic-of-The-higher-your-payroll-the-more-expensive-your-insurance-will-be.png 304w, https:\/\/farmerbrown.com\/wp-content\/uploads\/2023\/03\/Infographic-of-The-higher-your-payroll-the-more-expensive-your-insurance-will-be-300x257.png 300w\" sizes=\"(max-width: 304px) 100vw, 304px\" \/><\/span><\/div><div class=\"et_pb_module et_pb_text et_pb_text_3 et_pb_text_align_left et_pb_bg_layout_light\"><div class=\"et_pb_text_inner\"><p>Es importante prepararse para una auditor\u00eda manteniendo registros contables detallados. Tambi\u00e9n debe registrar cada gasto seg\u00fan la clasificaci\u00f3n de la p\u00f3liza. Por ejemplo, la <a href=\"https:\/\/farmerbrown.com\/insurance\/contractors\/cheap-roofing-contractor-insurance\/\">impermeabilizaci\u00f3n de tejados<\/a> se clasifica bajo una p\u00f3liza diferente a la carpinter\u00eda interior, y as\u00ed sucesivamente. De esta manera, sus primas de seguro se estimar\u00e1n con precisi\u00f3n y su cliente no pagar\u00e1 m\u00e1s de lo necesario.   <\/p><p>Una p\u00f3liza de seguro de responsabilidad civil general tambi\u00e9n tiene exclusiones espec\u00edficas. Los miembros de la familia de los propietarios de negocios pueden no estar cubiertos por el seguro de responsabilidad civil. Tambi\u00e9n debe consultar con su agente de seguros sobre su cobertura espec\u00edfica. Por ejemplo, es posible que necesite obtener un seguro de responsabilidad civil separado si su empresa contrata a contratistas independientes. Pero esto no significa que no pueda obtener una p\u00f3liza de responsabilidad civil general. Tener un seguro es esencial para protegerse de demandas.     <\/p><\/div><\/div><div class=\"et_pb_module et_pb_image et_pb_image_3\"><span class=\"et_pb_image_wrap \"><img decoding=\"async\" class=\"wp-image-70945 perfmatters-lazy entered pmloaded aligncenter\" title=\"Infograf\u00eda: Los miembros de la familia de los propietarios de negocios pueden no estar cubiertos\" src=\"https:\/\/farmerbrown.com\/wp-content\/uploads\/2023\/03\/Infographic-of-Family-members-of-business-owners-may-not-covered.png\" alt=\"Infograf\u00eda: Los miembros de la familia de los propietarios de negocios pueden no estar cubiertos\" width=\"330\" height=\"358\" data-src=\"https:\/\/farmerbrown.com\/wp-content\/uploads\/2023\/03\/Infographic-of-Family-members-of-business-owners-may-not-covered.png\" data-ll-status=\"loaded\" srcset=\"https:\/\/farmerbrown.com\/wp-content\/uploads\/2023\/03\/Infographic-of-Family-members-of-business-owners-may-not-covered.png 330w, https:\/\/farmerbrown.com\/wp-content\/uploads\/2023\/03\/Infographic-of-Family-members-of-business-owners-may-not-covered-277x300.png 277w\" sizes=\"(max-width: 330px) 100vw, 330px\" \/><\/span><\/div><div class=\"et_pb_module et_pb_text et_pb_text_4 et_pb_text_align_left et_pb_bg_layout_light\"><div class=\"et_pb_text_inner\"><p>Obtener una p\u00f3liza de seguro de responsabilidad civil puede ayudarle a evitar una gran p\u00e9rdida financiera. Es importante recordar que los costes de n\u00f3mina representan una gran parte de los gastos de su negocio. El seguro de n\u00f3mina es solo uno de los muchos tipos de seguros comerciales que una empresa necesita para protegerse contra reclamaciones por lesiones personales y da\u00f1os a la propiedad. Una buena p\u00f3liza de seguro puede prevenir responsabilidades de n\u00f3mina y ayudar a mantener su empresa en funcionamiento. Este es un paso esencial para proteger su negocio y a sus empleados.    <\/p><p>El coste del seguro de responsabilidad civil var\u00eda. El propietario de una peque\u00f1a empresa puede pagar cientos de d\u00f3lares al a\u00f1o, mientras que las grandes empresas pueden pagar miles de d\u00f3lares. Muchas p\u00f3lizas de responsabilidad civil general se valoran por cada mil d\u00f3lares de n\u00f3mina o ventas brutas. Cuanto mayor sea su n\u00f3mina, menor ser\u00e1 su prima. Dependiendo del tama\u00f1o de su negocio, puede ser posible negociar un descuento en la tarifa. Tambi\u00e9n puede ahorrar dinero al agrupar varias p\u00f3lizas.     <\/p><\/div><\/div><div class=\"et_pb_module et_pb_image et_pb_image_4\"><span class=\"et_pb_image_wrap \"><img loading=\"lazy\" decoding=\"async\" class=\"wp-image-70947 perfmatters-lazy entered pmloaded aligncenter\" title=\"Infograf\u00eda: Tambi\u00e9n puede ahorrar dinero al agrupar varias p\u00f3lizas\" src=\"https:\/\/farmerbrown.com\/wp-content\/uploads\/2023\/03\/Infographic-of-you-can-also-save-money-by-bundling-multiple-policies.png\" alt=\"Infograf\u00eda: Tambi\u00e9n puede ahorrar dinero al agrupar varias p\u00f3lizas\" width=\"504\" height=\"247\" data-src=\"https:\/\/farmerbrown.com\/wp-content\/uploads\/2023\/03\/Infographic-of-you-can-also-save-money-by-bundling-multiple-policies.png\" data-ll-status=\"loaded\" srcset=\"https:\/\/farmerbrown.com\/wp-content\/uploads\/2023\/03\/Infographic-of-you-can-also-save-money-by-bundling-multiple-policies.png 504w, https:\/\/farmerbrown.com\/wp-content\/uploads\/2023\/03\/Infographic-of-you-can-also-save-money-by-bundling-multiple-policies-300x147.png 300w\" sizes=\"(max-width: 504px) 100vw, 504px\" \/><\/span><\/div><div class=\"et_pb_module et_pb_text et_pb_text_5 et_pb_text_align_left et_pb_bg_layout_light\"><div class=\"et_pb_text_inner\"><p><a href=\"https:\/\/farmerbrown.com\/\">M\u00e1s informaci\u00f3n sobre nosotros<\/a><\/p><p>Aunque las primas del seguro de responsabilidad civil general se calculan seg\u00fan su n\u00f3mina, su p\u00f3liza tambi\u00e9n puede cubrir la exposici\u00f3n a la responsabilidad de los trabajadores cedidos. Dado que los trabajadores cedidos son empleados directamente por su empresa, est\u00e1n cubiertos por la p\u00f3liza del asegurado. Sin embargo, siempre debe asegurarse de clasificar correctamente a sus empleados para que su seguro de responsabilidad civil sea preciso.  <\/p><p>El seguro de responsabilidad civil general es importante para proteger su negocio contra una amplia gama de reclamaciones. Le ayudar\u00e1 a gestionar el riesgo, salvaguardar sus activos y satisfacer las demandas de clientes e industria. Ya sea que usted  <\/p><\/div><\/div>\t\t\t\t\t\t\t\t<\/div>\n\t\t\t\t\t<\/div>\n\t\t\t\t<\/div>\n\t\t\t\t<\/div>\n\t\t","protected":false},"excerpt":{"rendered":"<p>Si tiene m\u00e1s de un empleado, quiz\u00e1s le interese considerar la contrataci\u00f3n de una p\u00f3liza de seguro de responsabilidad civil general. Este tipo de p\u00f3liza de seguro cubrir\u00e1 cualquier da\u00f1o causado a la propiedad e incluso podr\u00eda ser deducible del impuesto sobre la renta. No obstante, siempre debe consultar a un profesional fiscal antes de [&hellip;]<\/p>\n","protected":false},"author":80,"featured_media":0,"parent":0,"menu_order":0,"comment_status":"closed","ping_status":"closed","template":"","meta":{"inline_featured_image":false,"footnotes":""},"class_list":["post-98719","page","type-page","status-publish","hentry"],"yoast_head":"<!-- This site is optimized with the Yoast SEO Premium plugin v26.3 (Yoast SEO v27.6) - https:\/\/yoast.com\/product\/yoast-seo-premium-wordpress\/ -->\n<title>\u00bfSe basa el seguro de responsabilidad civil general en la n\u00f3mina? - Farmer Brown Insurance<\/title>\n<meta name=\"robots\" content=\"index, follow, max-snippet:-1, max-image-preview:large, max-video-preview:-1\" \/>\n<link rel=\"canonical\" href=\"https:\/\/farmerbrown.com\/es\/se-basa-el-seguro-de-responsabilidad-civil-general-en-la-nomina\/\" \/>\n<meta property=\"og:locale\" content=\"es_ES\" \/>\n<meta property=\"og:type\" content=\"article\" \/>\n<meta property=\"og:title\" content=\"\u00bfSe basa el seguro de responsabilidad civil general en la n\u00f3mina?\" \/>\n<meta property=\"og:description\" content=\"Si tiene m\u00e1s de un empleado, quiz\u00e1s le interese considerar la contrataci\u00f3n de una p\u00f3liza de seguro de responsabilidad civil general. Este tipo de p\u00f3liza de seguro cubrir\u00e1 cualquier da\u00f1o causado a la propiedad e incluso podr\u00eda ser deducible del impuesto sobre la renta. No obstante, siempre debe consultar a un profesional fiscal antes de [&hellip;]\" \/>\n<meta property=\"og:url\" content=\"https:\/\/farmerbrown.com\/es\/se-basa-el-seguro-de-responsabilidad-civil-general-en-la-nomina\/\" \/>\n<meta property=\"og:site_name\" content=\"Farmer Brown Insurance\" \/>\n<meta property=\"article:publisher\" content=\"https:\/\/www.facebook.com\/pages\/Farmer-Brown-Insurance\/1423434997919303\" \/>\n<meta property=\"og:image\" content=\"https:\/\/farmerbrown.com\/wp-content\/uploads\/2023\/03\/Principal-image-of-is-general-liability-insurance-based-on-payroll-min.png\" \/>\n<meta name=\"twitter:card\" content=\"summary_large_image\" \/>\n<meta name=\"twitter:site\" content=\"@farmerbrownINCE\" \/>\n<meta name=\"twitter:label1\" content=\"Tiempo de lectura\" \/>\n\t<meta name=\"twitter:data1\" content=\"3 minutos\" \/>\n<script type=\"application\/ld+json\" class=\"yoast-schema-graph\">{\"@context\":\"https:\\\/\\\/schema.org\",\"@graph\":[{\"@type\":\"WebPage\",\"@id\":\"https:\\\/\\\/farmerbrown.com\\\/es\\\/se-basa-el-seguro-de-responsabilidad-civil-general-en-la-nomina\\\/\",\"url\":\"https:\\\/\\\/farmerbrown.com\\\/es\\\/se-basa-el-seguro-de-responsabilidad-civil-general-en-la-nomina\\\/\",\"name\":\"\u00bfSe basa el seguro de responsabilidad civil general en la n\u00f3mina? - Farmer Brown Insurance\",\"isPartOf\":{\"@id\":\"https:\\\/\\\/farmerbrown.com\\\/es\\\/#website\"},\"primaryImageOfPage\":{\"@id\":\"https:\\\/\\\/farmerbrown.com\\\/es\\\/se-basa-el-seguro-de-responsabilidad-civil-general-en-la-nomina\\\/#primaryimage\"},\"image\":{\"@id\":\"https:\\\/\\\/farmerbrown.com\\\/es\\\/se-basa-el-seguro-de-responsabilidad-civil-general-en-la-nomina\\\/#primaryimage\"},\"thumbnailUrl\":\"https:\\\/\\\/farmerbrown.com\\\/wp-content\\\/uploads\\\/2023\\\/03\\\/Principal-image-of-is-general-liability-insurance-based-on-payroll-min.png\",\"datePublished\":\"2026-05-11T12:45:10+00:00\",\"breadcrumb\":{\"@id\":\"https:\\\/\\\/farmerbrown.com\\\/es\\\/se-basa-el-seguro-de-responsabilidad-civil-general-en-la-nomina\\\/#breadcrumb\"},\"inLanguage\":\"es\",\"potentialAction\":[{\"@type\":\"ReadAction\",\"target\":[\"https:\\\/\\\/farmerbrown.com\\\/es\\\/se-basa-el-seguro-de-responsabilidad-civil-general-en-la-nomina\\\/\"]}]},{\"@type\":\"ImageObject\",\"inLanguage\":\"es\",\"@id\":\"https:\\\/\\\/farmerbrown.com\\\/es\\\/se-basa-el-seguro-de-responsabilidad-civil-general-en-la-nomina\\\/#primaryimage\",\"url\":\"https:\\\/\\\/farmerbrown.com\\\/wp-content\\\/uploads\\\/2023\\\/03\\\/Principal-image-of-is-general-liability-insurance-based-on-payroll-min.png\",\"contentUrl\":\"https:\\\/\\\/farmerbrown.com\\\/wp-content\\\/uploads\\\/2023\\\/03\\\/Principal-image-of-is-general-liability-insurance-based-on-payroll-min.png\"},{\"@type\":\"BreadcrumbList\",\"@id\":\"https:\\\/\\\/farmerbrown.com\\\/es\\\/se-basa-el-seguro-de-responsabilidad-civil-general-en-la-nomina\\\/#breadcrumb\",\"itemListElement\":[{\"@type\":\"ListItem\",\"position\":1,\"name\":\"Home\",\"item\":\"https:\\\/\\\/farmerbrown.com\\\/es\\\/\"},{\"@type\":\"ListItem\",\"position\":2,\"name\":\"\u00bfSe basa el seguro de responsabilidad civil general en la n\u00f3mina?\"}]},{\"@type\":\"WebSite\",\"@id\":\"https:\\\/\\\/farmerbrown.com\\\/es\\\/#website\",\"url\":\"https:\\\/\\\/farmerbrown.com\\\/es\\\/\",\"name\":\"Farmer Brown Insurance\",\"description\":\"Farmer Brown routinely saves businesses money on their Insurance Premiums\",\"publisher\":{\"@id\":\"https:\\\/\\\/farmerbrown.com\\\/es\\\/#organization\"},\"potentialAction\":[{\"@type\":\"SearchAction\",\"target\":{\"@type\":\"EntryPoint\",\"urlTemplate\":\"https:\\\/\\\/farmerbrown.com\\\/es\\\/?s={search_term_string}\"},\"query-input\":{\"@type\":\"PropertyValueSpecification\",\"valueRequired\":true,\"valueName\":\"search_term_string\"}}],\"inLanguage\":\"es\"},{\"@type\":\"Organization\",\"@id\":\"https:\\\/\\\/farmerbrown.com\\\/es\\\/#organization\",\"name\":\"Farmer Brown Insurance\",\"url\":\"https:\\\/\\\/farmerbrown.com\\\/es\\\/\",\"logo\":{\"@type\":\"ImageObject\",\"inLanguage\":\"es\",\"@id\":\"https:\\\/\\\/farmerbrown.com\\\/es\\\/#\\\/schema\\\/logo\\\/image\\\/\",\"url\":\"https:\\\/\\\/farmerbrown.com\\\/wp-content\\\/uploads\\\/2023\\\/08\\\/50pt.png\",\"contentUrl\":\"https:\\\/\\\/farmerbrown.com\\\/wp-content\\\/uploads\\\/2023\\\/08\\\/50pt.png\",\"width\":176,\"height\":50,\"caption\":\"Farmer Brown Insurance\"},\"image\":{\"@id\":\"https:\\\/\\\/farmerbrown.com\\\/es\\\/#\\\/schema\\\/logo\\\/image\\\/\"},\"sameAs\":[\"https:\\\/\\\/www.facebook.com\\\/pages\\\/Farmer-Brown-Insurance\\\/1423434997919303\",\"https:\\\/\\\/x.com\\\/farmerbrownINCE\",\"https:\\\/\\\/www.linkedin.com\\\/company\\\/farmer-brown-insurance\",\"https:\\\/\\\/www.pinterest.com\\\/farmerbrownINS\\\/\",\"https:\\\/\\\/www.youtube.com\\\/channel\\\/UClICXe78zkT9v608OnrdnbA\"]}]}<\/script>\n<!-- \/ Yoast SEO Premium plugin. -->","yoast_head_json":{"title":"\u00bfSe basa el seguro de responsabilidad civil general en la n\u00f3mina? - Farmer Brown Insurance","robots":{"index":"index","follow":"follow","max-snippet":"max-snippet:-1","max-image-preview":"max-image-preview:large","max-video-preview":"max-video-preview:-1"},"canonical":"https:\/\/farmerbrown.com\/es\/se-basa-el-seguro-de-responsabilidad-civil-general-en-la-nomina\/","og_locale":"es_ES","og_type":"article","og_title":"\u00bfSe basa el seguro de responsabilidad civil general en la n\u00f3mina?","og_description":"Si tiene m\u00e1s de un empleado, quiz\u00e1s le interese considerar la contrataci\u00f3n de una p\u00f3liza de seguro de responsabilidad civil general. Este tipo de p\u00f3liza de seguro cubrir\u00e1 cualquier da\u00f1o causado a la propiedad e incluso podr\u00eda ser deducible del impuesto sobre la renta. No obstante, siempre debe consultar a un profesional fiscal antes de [&hellip;]","og_url":"https:\/\/farmerbrown.com\/es\/se-basa-el-seguro-de-responsabilidad-civil-general-en-la-nomina\/","og_site_name":"Farmer Brown Insurance","article_publisher":"https:\/\/www.facebook.com\/pages\/Farmer-Brown-Insurance\/1423434997919303","og_image":[{"url":"https:\/\/farmerbrown.com\/wp-content\/uploads\/2023\/03\/Principal-image-of-is-general-liability-insurance-based-on-payroll-min.png","type":"","width":"","height":""}],"twitter_card":"summary_large_image","twitter_site":"@farmerbrownINCE","twitter_misc":{"Tiempo de lectura":"3 minutos"},"schema":{"@context":"https:\/\/schema.org","@graph":[{"@type":"WebPage","@id":"https:\/\/farmerbrown.com\/es\/se-basa-el-seguro-de-responsabilidad-civil-general-en-la-nomina\/","url":"https:\/\/farmerbrown.com\/es\/se-basa-el-seguro-de-responsabilidad-civil-general-en-la-nomina\/","name":"\u00bfSe basa el seguro de responsabilidad civil general en la n\u00f3mina? - Farmer Brown Insurance","isPartOf":{"@id":"https:\/\/farmerbrown.com\/es\/#website"},"primaryImageOfPage":{"@id":"https:\/\/farmerbrown.com\/es\/se-basa-el-seguro-de-responsabilidad-civil-general-en-la-nomina\/#primaryimage"},"image":{"@id":"https:\/\/farmerbrown.com\/es\/se-basa-el-seguro-de-responsabilidad-civil-general-en-la-nomina\/#primaryimage"},"thumbnailUrl":"https:\/\/farmerbrown.com\/wp-content\/uploads\/2023\/03\/Principal-image-of-is-general-liability-insurance-based-on-payroll-min.png","datePublished":"2026-05-11T12:45:10+00:00","breadcrumb":{"@id":"https:\/\/farmerbrown.com\/es\/se-basa-el-seguro-de-responsabilidad-civil-general-en-la-nomina\/#breadcrumb"},"inLanguage":"es","potentialAction":[{"@type":"ReadAction","target":["https:\/\/farmerbrown.com\/es\/se-basa-el-seguro-de-responsabilidad-civil-general-en-la-nomina\/"]}]},{"@type":"ImageObject","inLanguage":"es","@id":"https:\/\/farmerbrown.com\/es\/se-basa-el-seguro-de-responsabilidad-civil-general-en-la-nomina\/#primaryimage","url":"https:\/\/farmerbrown.com\/wp-content\/uploads\/2023\/03\/Principal-image-of-is-general-liability-insurance-based-on-payroll-min.png","contentUrl":"https:\/\/farmerbrown.com\/wp-content\/uploads\/2023\/03\/Principal-image-of-is-general-liability-insurance-based-on-payroll-min.png"},{"@type":"BreadcrumbList","@id":"https:\/\/farmerbrown.com\/es\/se-basa-el-seguro-de-responsabilidad-civil-general-en-la-nomina\/#breadcrumb","itemListElement":[{"@type":"ListItem","position":1,"name":"Home","item":"https:\/\/farmerbrown.com\/es\/"},{"@type":"ListItem","position":2,"name":"\u00bfSe basa el seguro de responsabilidad civil general en la n\u00f3mina?"}]},{"@type":"WebSite","@id":"https:\/\/farmerbrown.com\/es\/#website","url":"https:\/\/farmerbrown.com\/es\/","name":"Farmer Brown Insurance","description":"Farmer Brown routinely saves businesses money on their Insurance Premiums","publisher":{"@id":"https:\/\/farmerbrown.com\/es\/#organization"},"potentialAction":[{"@type":"SearchAction","target":{"@type":"EntryPoint","urlTemplate":"https:\/\/farmerbrown.com\/es\/?s={search_term_string}"},"query-input":{"@type":"PropertyValueSpecification","valueRequired":true,"valueName":"search_term_string"}}],"inLanguage":"es"},{"@type":"Organization","@id":"https:\/\/farmerbrown.com\/es\/#organization","name":"Farmer Brown Insurance","url":"https:\/\/farmerbrown.com\/es\/","logo":{"@type":"ImageObject","inLanguage":"es","@id":"https:\/\/farmerbrown.com\/es\/#\/schema\/logo\/image\/","url":"https:\/\/farmerbrown.com\/wp-content\/uploads\/2023\/08\/50pt.png","contentUrl":"https:\/\/farmerbrown.com\/wp-content\/uploads\/2023\/08\/50pt.png","width":176,"height":50,"caption":"Farmer Brown Insurance"},"image":{"@id":"https:\/\/farmerbrown.com\/es\/#\/schema\/logo\/image\/"},"sameAs":["https:\/\/www.facebook.com\/pages\/Farmer-Brown-Insurance\/1423434997919303","https:\/\/x.com\/farmerbrownINCE","https:\/\/www.linkedin.com\/company\/farmer-brown-insurance","https:\/\/www.pinterest.com\/farmerbrownINS\/","https:\/\/www.youtube.com\/channel\/UClICXe78zkT9v608OnrdnbA"]}]}},"_links":{"self":[{"href":"https:\/\/farmerbrown.com\/es\/wp-json\/wp\/v2\/pages\/98719","targetHints":{"allow":["GET"]}}],"collection":[{"href":"https:\/\/farmerbrown.com\/es\/wp-json\/wp\/v2\/pages"}],"about":[{"href":"https:\/\/farmerbrown.com\/es\/wp-json\/wp\/v2\/types\/page"}],"author":[{"embeddable":true,"href":"https:\/\/farmerbrown.com\/es\/wp-json\/wp\/v2\/users\/80"}],"replies":[{"embeddable":true,"href":"https:\/\/farmerbrown.com\/es\/wp-json\/wp\/v2\/comments?post=98719"}],"version-history":[{"count":1,"href":"https:\/\/farmerbrown.com\/es\/wp-json\/wp\/v2\/pages\/98719\/revisions"}],"predecessor-version":[{"id":98720,"href":"https:\/\/farmerbrown.com\/es\/wp-json\/wp\/v2\/pages\/98719\/revisions\/98720"}],"wp:attachment":[{"href":"https:\/\/farmerbrown.com\/es\/wp-json\/wp\/v2\/media?parent=98719"}],"curies":[{"name":"wp","href":"https:\/\/api.w.org\/{rel}","templated":true}]}}